{"id":3126,"date":"2020-04-21T18:01:51","date_gmt":"2020-04-21T12:31:51","guid":{"rendered":"http:\/\/www.thevietagetrain.com\/vi\/?page_id=3126"},"modified":"2024-09-17T11:24:35","modified_gmt":"2024-09-17T05:54:35","slug":"the-destinations","status":"publish","type":"page","link":"https:\/\/www.thevietagetrain.com\/vi\/destinations.html","title":{"rendered":"Destinations"},"content":{"rendered":"<p>T\u00e0u The Vietage \u0111i qua m\u1ed9t s\u1ed1 \u0111\u1ecba h\u00ecnh ngo\u1ea1n m\u1ee5c nh\u1ea5t v\u00e0 m\u1ed9t s\u1ed1 th\u00e0nh ph\u1ed1 nguy\u00ean s\u01a1 \u1edf Vi\u1ec7t Nam, v\u00e0 khi m\u1ed9t h\u00e0nh tr\u00ecnh k\u1ebft th\u00fac, m\u1ed9t h\u00e0nh tr\u00ecnh kh\u00e1c s\u1ebd b\u1eaft \u0111\u1ea7u. D\u00f9 \u0111i v\u1ec1 ph\u00eda B\u1eafc hay ph\u00eda Nam, h\u00e3y ti\u1ebfp t\u1ee5c h\u00e0nh tr\u00ecnh kh\u00e1m ph\u00e1 c\u1ee7a qu\u00fd kh\u00e1ch \u1edf H\u1ed9i An, ch\u1ec9 c\u00e1ch Ga \u0110\u00e0 N\u1eb5ng ho\u1eb7c Quy Nh\u01a1n hay th\u00e0nh ph\u1ed1 bi\u1ec3n nh\u1ed9n nh\u1ecbp Nha Trang m\u1ed9t gi\u1edd l\u00e1i xe.<\/p>\n","protected":false},"excerpt":{"rendered":"<p>T\u00e0u The Vietage \u0111i qua m\u1ed9t s\u1ed1 \u0111\u1ecba h\u00ecnh ngo\u1ea1n m\u1ee5c nh\u1ea5t v\u00e0 m\u1ed9t s\u1ed1 th\u00e0nh ph\u1ed1 nguy\u00ean s\u01a1 \u1edf Vi\u1ec7t Nam, v\u00e0 khi m\u1ed9t h\u00e0nh tr\u00ecnh k\u1ebft th\u00fac, m\u1ed9t h\u00e0nh tr\u00ecnh kh\u00e1c s\u1ebd b\u1eaft \u0111\u1ea7u. D\u00f9 \u0111i v\u1ec1 ph\u00eda B\u1eafc hay ph\u00eda Nam, h\u00e3y ti\u1ebfp t\u1ee5c h\u00e0nh tr\u00ecnh kh\u00e1m ph\u00e1 c\u1ee7a qu\u00fd kh\u00e1ch \u1edf [&hellip;]<\/p>\n","protected":false},"author":1,"featured_media":0,"parent":0,"menu_order":7,"comment_status":"closed","ping_status":"closed","template":"","meta":[],"_links":{"self":[{"href":"https:\/\/www.thevietagetrain.com\/vi\/wp-json\/wp\/v2\/pages\/3126"}],"collection":[{"href":"https:\/\/www.thevietagetrain.com\/vi\/wp-json\/wp\/v2\/pages"}],"about":[{"href":"https:\/\/www.thevietagetrain.com\/vi\/wp-json\/wp\/v2\/types\/page"}],"author":[{"embeddable":true,"href":"https:\/\/www.thevietagetrain.com\/vi\/wp-json\/wp\/v2\/users\/1"}],"replies":[{"embeddable":true,"href":"https:\/\/www.thevietagetrain.com\/vi\/wp-json\/wp\/v2\/comments?post=3126"}],"version-history":[{"count":3,"href":"https:\/\/www.thevietagetrain.com\/vi\/wp-json\/wp\/v2\/pages\/3126\/revisions"}],"predecessor-version":[{"id":4309,"href":"https:\/\/www.thevietagetrain.com\/vi\/wp-json\/wp\/v2\/pages\/3126\/revisions\/4309"}],"wp:attachment":[{"href":"https:\/\/www.thevietagetrain.com\/vi\/wp-json\/wp\/v2\/media?parent=3126"}],"curies":[{"name":"wp","href":"https:\/\/api.w.org\/{rel}","templated":true}]}}