{"id":3231,"date":"2020-06-08T13:49:46","date_gmt":"2020-06-08T08:19:46","guid":{"rendered":"http:\/\/www.thevietagetrain.com\/vi\/?page_id=3231"},"modified":"2024-09-17T11:23:03","modified_gmt":"2024-09-17T05:53:03","slug":"experiences","status":"publish","type":"page","link":"https:\/\/www.thevietagetrain.com\/vi\/experiences.html","title":{"rendered":"Experiences"},"content":{"rendered":"<p>H\u00e3y th\u01b0 gi\u00e3n v\u00e0 t\u1eadn h\u01b0\u1edfng tr\u1ea3i nghi\u1ec7m du l\u1ecbch b\u1eb1ng t\u00e0u h\u1ecfa t\u1ea1i Vi\u1ec7t Nam v\u1edbi m\u1ed9t lo\u1ea1t c\u00e1c ti\u1ec7n nghi v\u00e0 d\u1ecbch v\u1ee5 sang tr\u1ecdng tr\u00ean t\u00e0u. Tr\u00ean The Vietage, b\u1ea1n c\u00f3 th\u1ec3 th\u01b0 gi\u00e3n v\u00e0 chi\u00eam ng\u01b0\u1ee1ng nh\u1eefng c\u1ea3nh quan \u0111a d\u1ea1ng c\u1ee7a khu v\u1ef1c, th\u01b0\u1edfng th\u1ee9c \u1ea9m th\u1ef1c tinh t\u00fay v\u00e0 giao l\u01b0u &#8211; ho\u1eb7c ch\u1ec9 \u0111\u01a1n gi\u1ea3n l\u00e0 th\u01b0 gi\u00e3n v\u00e0 th\u1ea3 l\u1ecfng. C\u00e1c ti\u1ebfp vi\u00ean tr\u00ean t\u00e0u \u0111\u1ea3m b\u1ea3o m\u1ed7i chuy\u1ebfn \u0111i \u0111\u1ec1u l\u00e0 m\u1ed9t h\u00e0nh tr\u00ecnh \u0111\u00e1ng nh\u1edb.<\/p>\n","protected":false},"excerpt":{"rendered":"<p>H\u00e3y th\u01b0 gi\u00e3n v\u00e0 t\u1eadn h\u01b0\u1edfng tr\u1ea3i nghi\u1ec7m du l\u1ecbch b\u1eb1ng t\u00e0u h\u1ecfa t\u1ea1i Vi\u1ec7t Nam v\u1edbi m\u1ed9t lo\u1ea1t c\u00e1c ti\u1ec7n nghi v\u00e0 d\u1ecbch v\u1ee5 sang tr\u1ecdng tr\u00ean t\u00e0u. Tr\u00ean The Vietage, b\u1ea1n c\u00f3 th\u1ec3 th\u01b0 gi\u00e3n v\u00e0 chi\u00eam ng\u01b0\u1ee1ng nh\u1eefng c\u1ea3nh quan \u0111a d\u1ea1ng c\u1ee7a khu v\u1ef1c, th\u01b0\u1edfng th\u1ee9c \u1ea9m th\u1ef1c tinh t\u00fay v\u00e0 [&hellip;]<\/p>\n","protected":false},"author":1,"featured_media":0,"parent":0,"menu_order":4,"comment_status":"closed","ping_status":"closed","template":"","meta":[],"_links":{"self":[{"href":"https:\/\/www.thevietagetrain.com\/vi\/wp-json\/wp\/v2\/pages\/3231"}],"collection":[{"href":"https:\/\/www.thevietagetrain.com\/vi\/wp-json\/wp\/v2\/pages"}],"about":[{"href":"https:\/\/www.thevietagetrain.com\/vi\/wp-json\/wp\/v2\/types\/page"}],"author":[{"embeddable":true,"href":"https:\/\/www.thevietagetrain.com\/vi\/wp-json\/wp\/v2\/users\/1"}],"replies":[{"embeddable":true,"href":"https:\/\/www.thevietagetrain.com\/vi\/wp-json\/wp\/v2\/comments?post=3231"}],"version-history":[{"count":3,"href":"https:\/\/www.thevietagetrain.com\/vi\/wp-json\/wp\/v2\/pages\/3231\/revisions"}],"predecessor-version":[{"id":4307,"href":"https:\/\/www.thevietagetrain.com\/vi\/wp-json\/wp\/v2\/pages\/3231\/revisions\/4307"}],"wp:attachment":[{"href":"https:\/\/www.thevietagetrain.com\/vi\/wp-json\/wp\/v2\/media?parent=3231"}],"curies":[{"name":"wp","href":"https:\/\/api.w.org\/{rel}","templated":true}]}}