{"id":3242,"date":"2020-06-08T14:33:43","date_gmt":"2020-06-08T09:03:43","guid":{"rendered":"http:\/\/www.thevietagetrain.com\/vi\/?page_id=3242"},"modified":"2024-01-04T19:27:45","modified_gmt":"2024-01-04T13:57:45","slug":"accommodation-offers","status":"publish","type":"page","link":"https:\/\/www.thevietagetrain.com\/vi\/accommodation-offers.html","title":{"rendered":"Accommodation Offers"},"content":{"rendered":"<p>Ti\u1ebfp t\u1ee5c h\u00e0nh tr\u00ecnh c\u1ee7a b\u1ea1n v\u1edbi m\u1ed9t k\u1ef3 ngh\u1ec9 sang tr\u1ecdng t\u1ea1i H\u1ed9i An ho\u1eb7c Quy Nh\u01a1n c\u00f9ng v\u1edbi nh\u1eefng \u01b0u \u0111\u00e3i t\u1ed1t nh\u1ea5t v\u1ec1 du l\u1ecbch Vi\u1ec7t Nam. Th\u01b0 gi\u00e3n v\u1edbi nh\u1eefng d\u1ecbch v\u1ee5 ch\u0103m s\u00f3c chu \u0111\u00e1o. T\u1eadn h\u01b0\u1edfng nh\u1eefng tr\u1ea3i nghi\u1ec7m \u1ea9m th\u1ef1c kh\u00f3 qu\u00ean. T\u00ecm m\u1ed9t kh\u00f4ng gian \u0111\u1ea7y phong c\u00e1ch \u0111\u1ec3 ngh\u1ec9 ng\u01a1i sau m\u1ed9t ng\u00e0y th\u00e1m hi\u1ec3m. Ti\u1ebft ki\u1ec7m v\u1edbi \u01b0u \u0111\u00e3i \u0111\u1eb7c bi\u1ec7t t\u1ea1i Anantara Hoi An Resort tr\u00ean s\u00f4ng Thu B\u1ed3n, v\u00e0 t\u1ea1i Anantara Quy Nhon Villas v\u00e0 Avani Quy Nhon Resort nh\u00ecn ra bi\u1ec3n.<\/p>\n","protected":false},"excerpt":{"rendered":"<p>Ti\u1ebfp t\u1ee5c h\u00e0nh tr\u00ecnh c\u1ee7a b\u1ea1n v\u1edbi m\u1ed9t k\u1ef3 ngh\u1ec9 sang tr\u1ecdng t\u1ea1i H\u1ed9i An ho\u1eb7c Quy Nh\u01a1n c\u00f9ng v\u1edbi nh\u1eefng \u01b0u \u0111\u00e3i t\u1ed1t nh\u1ea5t v\u1ec1 du l\u1ecbch Vi\u1ec7t Nam. Th\u01b0 gi\u00e3n v\u1edbi nh\u1eefng d\u1ecbch v\u1ee5 ch\u0103m s\u00f3c chu \u0111\u00e1o. T\u1eadn h\u01b0\u1edfng nh\u1eefng tr\u1ea3i nghi\u1ec7m \u1ea9m th\u1ef1c kh\u00f3 qu\u00ean. T\u00ecm m\u1ed9t kh\u00f4ng gian \u0111\u1ea7y phong [&hellip;]<\/p>\n","protected":false},"author":1,"featured_media":0,"parent":0,"menu_order":8,"comment_status":"closed","ping_status":"closed","template":"","meta":[],"_links":{"self":[{"href":"https:\/\/www.thevietagetrain.com\/vi\/wp-json\/wp\/v2\/pages\/3242"}],"collection":[{"href":"https:\/\/www.thevietagetrain.com\/vi\/wp-json\/wp\/v2\/pages"}],"about":[{"href":"https:\/\/www.thevietagetrain.com\/vi\/wp-json\/wp\/v2\/types\/page"}],"author":[{"embeddable":true,"href":"https:\/\/www.thevietagetrain.com\/vi\/wp-json\/wp\/v2\/users\/1"}],"replies":[{"embeddable":true,"href":"https:\/\/www.thevietagetrain.com\/vi\/wp-json\/wp\/v2\/comments?post=3242"}],"version-history":[{"count":2,"href":"https:\/\/www.thevietagetrain.com\/vi\/wp-json\/wp\/v2\/pages\/3242\/revisions"}],"predecessor-version":[{"id":4060,"href":"https:\/\/www.thevietagetrain.com\/vi\/wp-json\/wp\/v2\/pages\/3242\/revisions\/4060"}],"wp:attachment":[{"href":"https:\/\/www.thevietagetrain.com\/vi\/wp-json\/wp\/v2\/media?parent=3242"}],"curies":[{"name":"wp","href":"https:\/\/api.w.org\/{rel}","templated":true}]}}