{"id":3250,"date":"2020-06-08T14:39:20","date_gmt":"2020-06-08T09:09:20","guid":{"rendered":"http:\/\/www.thevietagetrain.com\/vi\/?page_id=3250"},"modified":"2025-07-23T15:21:19","modified_gmt":"2025-07-23T09:51:19","slug":"off-the-press","status":"publish","type":"page","link":"https:\/\/www.thevietagetrain.com\/vi\/off-the-press.html","title":{"rendered":"Off the Press"},"content":{"rendered":"<p>Tr\u1ea3i nghi\u1ec7m du l\u1ecbch b\u1eb1ng The Vietage \u0111\u00e3 nh\u1eadn \u0111\u01b0\u1ee3c s\u1ef1 khen ng\u1ee3i tr\u00ean kh\u1eafp th\u1ebf gi\u1edbi trong l\u0129nh v\u1ef1c du l\u1ecbch b\u1eb1ng t\u00e0u cao c\u1ea5p t\u1ea1i Vi\u1ec7t Nam. Qu\u00fd kh\u00e1ch c\u00f3 th\u1ec3 t\u00ecm th\u1ea5y to\u00e0n b\u1ed9 tin t\u1ee9c b\u00e1o ch\u00ed v\u1ec1 tr\u1ea3i nghi\u1ec7m du h\u00e0nh b\u1eb1ng t\u00e0u sang tr\u1ecdng c\u1ee7a ch\u00fang t\u00f4i d\u01b0\u1edbi \u0111\u00e2y.<\/p>\n","protected":false},"excerpt":{"rendered":"<p>Tr\u1ea3i nghi\u1ec7m du l\u1ecbch b\u1eb1ng The Vietage \u0111\u00e3 nh\u1eadn \u0111\u01b0\u1ee3c s\u1ef1 khen ng\u1ee3i tr\u00ean kh\u1eafp th\u1ebf gi\u1edbi trong l\u0129nh v\u1ef1c du l\u1ecbch b\u1eb1ng t\u00e0u cao c\u1ea5p t\u1ea1i Vi\u1ec7t Nam. Qu\u00fd kh\u00e1ch c\u00f3 th\u1ec3 t\u00ecm th\u1ea5y to\u00e0n b\u1ed9 tin t\u1ee9c b\u00e1o ch\u00ed v\u1ec1 tr\u1ea3i nghi\u1ec7m du h\u00e0nh b\u1eb1ng t\u00e0u sang tr\u1ecdng c\u1ee7a ch\u00fang t\u00f4i d\u01b0\u1edbi \u0111\u00e2y.<\/p>\n","protected":false},"author":1,"featured_media":0,"parent":0,"menu_order":10,"comment_status":"closed","ping_status":"closed","template":"","meta":[],"_links":{"self":[{"href":"https:\/\/www.thevietagetrain.com\/vi\/wp-json\/wp\/v2\/pages\/3250"}],"collection":[{"href":"https:\/\/www.thevietagetrain.com\/vi\/wp-json\/wp\/v2\/pages"}],"about":[{"href":"https:\/\/www.thevietagetrain.com\/vi\/wp-json\/wp\/v2\/types\/page"}],"author":[{"embeddable":true,"href":"https:\/\/www.thevietagetrain.com\/vi\/wp-json\/wp\/v2\/users\/1"}],"replies":[{"embeddable":true,"href":"https:\/\/www.thevietagetrain.com\/vi\/wp-json\/wp\/v2\/comments?post=3250"}],"version-history":[{"count":3,"href":"https:\/\/www.thevietagetrain.com\/vi\/wp-json\/wp\/v2\/pages\/3250\/revisions"}],"predecessor-version":[{"id":4341,"href":"https:\/\/www.thevietagetrain.com\/vi\/wp-json\/wp\/v2\/pages\/3250\/revisions\/4341"}],"wp:attachment":[{"href":"https:\/\/www.thevietagetrain.com\/vi\/wp-json\/wp\/v2\/media?parent=3250"}],"curies":[{"name":"wp","href":"https:\/\/api.w.org\/{rel}","templated":true}]}}