{"id":3252,"date":"2020-06-08T14:42:22","date_gmt":"2020-06-08T09:12:22","guid":{"rendered":"http:\/\/www.thevietagetrain.com\/vi\/?page_id=3252"},"modified":"2024-09-17T11:39:49","modified_gmt":"2024-09-17T06:09:49","slug":"danang-gateway-to-hoi-an","status":"publish","type":"page","link":"https:\/\/www.thevietagetrain.com\/vi\/destinations\/da-nang-and-hoi-an.html","title":{"rendered":"Da Nang &#038; Hoi An"},"content":{"rendered":"<p>Th\u00e0nh ph\u1ed1 bi\u1ec3n \u0110\u00e0 N\u1eb5ng nh\u1ed9n nh\u1ecbp l\u00e0 \u0111i\u1ec3m d\u1eebng ch\u00e2n cu\u1ed1i c\u00f9ng ph\u00eda b\u1eafc c\u1ee7a The Vietage. Ch\u1ec9 c\u00e1ch \u0111\u00f3 m\u1ed9t gi\u1edd, b\u1ea1n s\u1ebd th\u1ea5y th\u00e0nh ph\u1ed1 H\u1ed9i An quy\u1ebfn r\u0169, \u0111\u01b0\u1ee3c UNESCO c\u00f4ng nh\u1eadn l\u00e0 Di s\u1ea3n Th\u1ebf gi\u1edbi. H\u00e3y kh\u00e1m ph\u00e1 m\u1ed9t kho t\u00e0ng \u0111\u1ea7y nh\u1eefng tr\u1ea3i nghi\u1ec7m v\u0103n h\u00f3a cu\u1ed1n h\u00fat. \u0110i lang thang tr\u00ean nh\u1eefng con ph\u1ed1 c\u1ee7a H\u1ed9i An \u0111\u1ec3 kh\u00e1m ph\u00e1 b\u1ec1 d\u00e0y l\u1ecbch s\u1eed v\u00e0 ki\u1ebfn tr\u00fac c\u1ed5 x\u01b0a k\u00e9o d\u00e0i nhi\u1ec1u th\u1ebf k\u1ef7 v\u00e0 ch\u1ee9a \u0111\u1ef1ng d\u1ea5u \u1ea5n c\u1ee7a nhi\u1ec1u n\u1ec1n v\u0103n h\u00f3a. Tr\u1edf v\u1ec1 sau khi tr\u1eddi t\u1ed1i \u0111\u1ec3 kh\u00e1m ph\u00e1 nh\u1eefng khu ch\u1ee3 nh\u1ed9n nh\u1ecbp v\u00e0 m\u00e0n tr\u00ecnh di\u1ec5n \u00e1nh s\u00e1ng \u0111\u1ea7y m\u00ea ho\u1eb7c c\u1ee7a nh\u1eefng chi\u1ebfc \u0111\u00e8n l\u1ed3ng truy\u1ec1n th\u1ed1ng.<\/p>\n","protected":false},"excerpt":{"rendered":"<p>Th\u00e0nh ph\u1ed1 bi\u1ec3n \u0110\u00e0 N\u1eb5ng nh\u1ed9n nh\u1ecbp l\u00e0 \u0111i\u1ec3m d\u1eebng ch\u00e2n cu\u1ed1i c\u00f9ng ph\u00eda b\u1eafc c\u1ee7a The Vietage. Ch\u1ec9 c\u00e1ch \u0111\u00f3 m\u1ed9t gi\u1edd, b\u1ea1n s\u1ebd th\u1ea5y th\u00e0nh ph\u1ed1 H\u1ed9i An quy\u1ebfn r\u0169, \u0111\u01b0\u1ee3c UNESCO c\u00f4ng nh\u1eadn l\u00e0 Di s\u1ea3n Th\u1ebf gi\u1edbi. H\u00e3y kh\u00e1m ph\u00e1 m\u1ed9t kho t\u00e0ng \u0111\u1ea7y nh\u1eefng tr\u1ea3i nghi\u1ec7m v\u0103n h\u00f3a cu\u1ed1n h\u00fat. [&hellip;]<\/p>\n","protected":false},"author":1,"featured_media":0,"parent":3126,"menu_order":1,"comment_status":"closed","ping_status":"closed","template":"","meta":[],"_links":{"self":[{"href":"https:\/\/www.thevietagetrain.com\/vi\/wp-json\/wp\/v2\/pages\/3252"}],"collection":[{"href":"https:\/\/www.thevietagetrain.com\/vi\/wp-json\/wp\/v2\/pages"}],"about":[{"href":"https:\/\/www.thevietagetrain.com\/vi\/wp-json\/wp\/v2\/types\/page"}],"author":[{"embeddable":true,"href":"https:\/\/www.thevietagetrain.com\/vi\/wp-json\/wp\/v2\/users\/1"}],"replies":[{"embeddable":true,"href":"https:\/\/www.thevietagetrain.com\/vi\/wp-json\/wp\/v2\/comments?post=3252"}],"version-history":[{"count":3,"href":"https:\/\/www.thevietagetrain.com\/vi\/wp-json\/wp\/v2\/pages\/3252\/revisions"}],"predecessor-version":[{"id":4310,"href":"https:\/\/www.thevietagetrain.com\/vi\/wp-json\/wp\/v2\/pages\/3252\/revisions\/4310"}],"up":[{"embeddable":true,"href":"https:\/\/www.thevietagetrain.com\/vi\/wp-json\/wp\/v2\/pages\/3126"}],"wp:attachment":[{"href":"https:\/\/www.thevietagetrain.com\/vi\/wp-json\/wp\/v2\/media?parent=3252"}],"curies":[{"name":"wp","href":"https:\/\/api.w.org\/{rel}","templated":true}]}}