{"id":3254,"date":"2020-06-08T14:43:09","date_gmt":"2020-06-08T09:13:09","guid":{"rendered":"http:\/\/www.thevietagetrain.com\/vi\/?page_id=3254"},"modified":"2024-09-17T11:40:59","modified_gmt":"2024-09-17T06:10:59","slug":"discover-quy-nhon","status":"publish","type":"page","link":"https:\/\/www.thevietagetrain.com\/vi\/the-destinations\/quy-nhon.html","title":{"rendered":"Quy Nhon"},"content":{"rendered":"<p>Ng\u00e0y nay, Quy Nh\u01a1n l\u00e0 m\u1ed9t th\u00e0nh ph\u1ed1 bi\u1ec3n th\u1ecbnh v\u01b0\u1ee3ng v\u1edbi b\u00e3i bi\u1ec3n d\u00e0i d\u01b0\u1eddng nh\u01b0 v\u00f4 t\u1eadn v\u00e0 l\u1ed1i \u0111i d\u1ea1o theo phong c\u00e1ch d\u1ea1o b\u1ed9 r\u1ea5t l\u00fd t\u01b0\u1edfng cho m\u1ed9t chuy\u1ebfn \u0111i d\u1ea1o ng\u1eafm ho\u00e0ng h\u00f4n. \u0110i s\u00e2u h\u01a1n n\u1eefa v\u00e0o \u0111\u1ea5t li\u1ec1n, b\u1ea1n s\u1ebd th\u1ea5y \u0111\u1ed3ng qu\u00ea v\u00e0 phong c\u1ea3nh tuy\u1ec7t \u0111\u1eb9p v\u1edbi nhi\u1ec1u \u0111i\u1ec1u \u0111\u1ec3 kh\u00e1m ph\u00e1 tr\u00ean nh\u1eefng con \u0111\u01b0\u1eddng nh\u1ecf c\u1eaft ngang v\u00f9ng n\u00f4ng th\u00f4n. H\u00e3y s\u1eafp x\u1ebfp m\u1ed9t chuy\u1ebfn \u0111i trong ng\u00e0y \u0111\u1ec3 tham quan c\u00e1c di t\u00edch n\u1eb1m r\u1ea3i r\u00e1c kh\u1eafp Quy Nh\u01a1n. D\u1ecdc \u0111\u01b0\u1eddng \u0111i, b\u1ea1n s\u1ebd \u0111\u01b0\u1ee3c ng\u1eafm nh\u00ecn nh\u1eefng c\u00e1nh \u0111\u1ed3ng l\u00faa, thung l\u0169ng s\u00f4ng v\u00e0 th\u1ecb tr\u1ea5n mi\u1ec1n n\u00fai. Quy Nh\u01a1n c\u0169ng l\u00e0 qu\u00ea h\u01b0\u01a1ng c\u1ee7a Vovinam, hay Vi\u1ec7t V\u00f5 \u0110\u1ea1o, m\u00f4n v\u00f5 d\u00e2n t\u1ed9c c\u1ee7a Vi\u1ec7t Nam.<\/p>\n","protected":false},"excerpt":{"rendered":"<p>Ng\u00e0y nay, Quy Nh\u01a1n l\u00e0 m\u1ed9t th\u00e0nh ph\u1ed1 bi\u1ec3n th\u1ecbnh v\u01b0\u1ee3ng v\u1edbi b\u00e3i bi\u1ec3n d\u00e0i d\u01b0\u1eddng nh\u01b0 v\u00f4 t\u1eadn v\u00e0 l\u1ed1i \u0111i d\u1ea1o theo phong c\u00e1ch d\u1ea1o b\u1ed9 r\u1ea5t l\u00fd t\u01b0\u1edfng cho m\u1ed9t chuy\u1ebfn \u0111i d\u1ea1o ng\u1eafm ho\u00e0ng h\u00f4n. \u0110i s\u00e2u h\u01a1n n\u1eefa v\u00e0o \u0111\u1ea5t li\u1ec1n, b\u1ea1n s\u1ebd th\u1ea5y \u0111\u1ed3ng qu\u00ea v\u00e0 phong c\u1ea3nh tuy\u1ec7t [&hellip;]<\/p>\n","protected":false},"author":1,"featured_media":0,"parent":3126,"menu_order":2,"comment_status":"closed","ping_status":"closed","template":"","meta":[],"_links":{"self":[{"href":"https:\/\/www.thevietagetrain.com\/vi\/wp-json\/wp\/v2\/pages\/3254"}],"collection":[{"href":"https:\/\/www.thevietagetrain.com\/vi\/wp-json\/wp\/v2\/pages"}],"about":[{"href":"https:\/\/www.thevietagetrain.com\/vi\/wp-json\/wp\/v2\/types\/page"}],"author":[{"embeddable":true,"href":"https:\/\/www.thevietagetrain.com\/vi\/wp-json\/wp\/v2\/users\/1"}],"replies":[{"embeddable":true,"href":"https:\/\/www.thevietagetrain.com\/vi\/wp-json\/wp\/v2\/comments?post=3254"}],"version-history":[{"count":3,"href":"https:\/\/www.thevietagetrain.com\/vi\/wp-json\/wp\/v2\/pages\/3254\/revisions"}],"predecessor-version":[{"id":4319,"href":"https:\/\/www.thevietagetrain.com\/vi\/wp-json\/wp\/v2\/pages\/3254\/revisions\/4319"}],"up":[{"embeddable":true,"href":"https:\/\/www.thevietagetrain.com\/vi\/wp-json\/wp\/v2\/pages\/3126"}],"wp:attachment":[{"href":"https:\/\/www.thevietagetrain.com\/vi\/wp-json\/wp\/v2\/media?parent=3254"}],"curies":[{"name":"wp","href":"https:\/\/api.w.org\/{rel}","templated":true}]}}