{"id":3526,"date":"2020-06-19T09:36:58","date_gmt":"2020-06-19T04:06:58","guid":{"rendered":"http:\/\/www.thevietagetrain.com\/vi\/?page_id=3526"},"modified":"2024-11-29T08:05:44","modified_gmt":"2024-11-29T02:35:44","slug":"faq","status":"publish","type":"page","link":"https:\/\/www.thevietagetrain.com\/vi\/faq.html","title":{"rendered":"The Vietage FAQs"},"content":{"rendered":"<p>Xem t\u1ea5t c\u1ea3 th\u00f4ng tin b\u1ea1n c\u1ea7n tr\u01b0\u1edbc khi du h\u00e0nh tr\u00ean t\u00e0u The Vietage.<\/p>\n<p>&nbsp;<\/p>\n<h3>1. Chuy\u1ebfn \u0111i k\u00e9o d\u00e0i bao l\u00e2u?<\/h3>\n<p>H\u00e0nh tr\u00ecnh gi\u1eefa \u0110\u00e0 N\u1eb5ng v\u00e0 Quy Nh\u01a1n k\u00e9o d\u00e0i 6 gi\u1edd bao g\u1ed3m th\u1ef1c \u0111\u01a1n ba m\u00f3n h\u1ea3o h\u1ea1ng. \u0110\u1ed3 \u0103n nh\u1eb9 mi\u1ec5n ph\u00ed, tuy\u1ec3n ch\u1ecdn c\u00e1c lo\u1ea1i r\u01b0\u1ee3u vang, cocktail, mocktail, tr\u00e0, c\u00e0 ph\u00ea v\u00e0 n\u01b0\u1edbc ng\u1ecdt kh\u00f4ng gi\u1edbi h\u1ea1n, c\u00f9ng v\u1edbi tr\u1ecb li\u1ec7u \u0111\u1ea7u v\u00e0 vai 15 ph\u00fat.<\/p>\n<p>H\u00e0nh tr\u00ecnh gi\u1eefa Nha Trang v\u00e0 Quy Nh\u01a1n k\u00e9o d\u00e0i 5 gi\u1edd bao g\u1ed3m tr\u00e0 chi\u1ec1u sang tr\u1ecdng v\u1edbi tr\u1ee9ng c\u00e1 t\u1ea7m, ph\u00f4 mai th\u1ee7 c\u00f4ng Vi\u1ec7t Nam, tuy\u1ec3n ch\u1ecdn c\u00e1c lo\u1ea1i tr\u00e0 Vi\u1ec7t Nam cao c\u1ea5p t\u1eeb Epicurean Sao v\u00e0 nhi\u1ec1u lo\u1ea1i th\u1ecbt ngu\u1ed9i s\u1ebd \u0111\u01b0\u1ee3c ph\u1ee5c v\u1ee5. \u0110\u1ed3 \u0103n nh\u1eb9 mi\u1ec5n ph\u00ed, tuy\u1ec3n ch\u1ecdn c\u00e1c lo\u1ea1i r\u01b0\u1ee3u vang, cocktail, mocktail, tr\u00e0, c\u00e0 ph\u00ea v\u00e0 n\u01b0\u1edbc ng\u1ecdt kh\u00f4ng gi\u1edbi h\u1ea1n, c\u00f9ng v\u1edbi tr\u1ecb li\u1ec7u \u0111\u1ea7u v\u00e0 vai 15 ph\u00fat.<\/p>\n<h3>2. Gi\u00e1 v\u00e9 bao g\u1ed3m nh\u1eefng g\u00ec?<\/h3>\n<p>Gi\u00e1 v\u00e9 bao g\u1ed3m h\u00e0nh tr\u00ecnh tr\u1ea3i nghi\u1ec7m 5 &#8211; 6 ti\u1ebfng tr\u00ean t\u00e0u, th\u1ef1c \u0111\u01a1n sang tr\u1ecdng, tuy\u1ec3n ch\u1ecdn c\u00e1c lo\u1ea1i r\u01b0\u1ee3u vang, cocktail, mocktail, bia, n\u01b0\u1edbc ng\u1ecdt, tr\u00e0 v\u00e0 c\u00e0 ph\u00ea, v\u00e0 15\u2032 li\u1ec7u tr\u00ecnh th\u01b0 gi\u00e3n cho \u0111\u1ea7u v\u00e0 vai.<\/p>\n<h3>3. T\u00f4i c\u00f3 th\u1ec3 t\u00ecm l\u1ecbch tr\u00ecnh t\u00e0u ch\u1ea1y \u1edf \u0111\u00e2u?<\/h3>\n<p><a href=\"http:\/\/www.thevietagetrain.com\/vi\/wp-content\/uploads\/sites\/4\/2024\/05\/The-Vietage-by-Anantara-Timetable-Effective-15-May-2024-1.pdf\" target=\"_blank\" rel=\"noopener noreferrer\">Vui l\u00f2ng nh\u1ea5p v\u00e0o \u0111\u00e2y \u0111\u1ec3 xem to\u00e0n b\u1ed9 l\u1ecbch tr\u00ecnh c\u1ee7a ch\u00fang t\u00f4i.<\/a><\/p>\n<h3>4. L\u00e0m c\u00e1ch n\u00e0o \u0111\u1ec3 \u0111i \u0111\u1ebfn nh\u00e0 ga t\u1eeb kh\u00e1ch s\u1ea1n c\u1ee7a t\u00f4i v\u00e0 ng\u01b0\u1ee3c l\u1ea1i?<\/h3>\n<p>Ch\u00fang t\u00f4i cung c\u1ea5p d\u1ecbch v\u1ee5 \u0111\u01b0a \u0111\u00f3n c\u00e1 nh\u00e2n t\u1eeb c\u00e1c khu ngh\u1ec9 d\u01b0\u1ee1ng \u0111\u1ebfn ga t\u00e0u v\u1edbi m\u1ed9t kho\u1ea3n ph\u1ee5 ph\u00ed. Qu\u00fd kh\u00e1ch c\u0169ng c\u00f3 th\u1ec3 t\u1ef1 \u0111i \u0111\u1ebfn ga t\u00e0u v\u00e0 vui l\u00f2ng c\u00f3 m\u1eb7t tr\u01b0\u1edbc gi\u1edd t\u00e0u ch\u1ea1y kho\u1ea3ng 30 ph\u00fat.<\/p>\n<h3>5. T\u00e0u The Vietage c\u00f3 ch\u1ea1y v\u00e0o c\u00e1c Ng\u00e0y ngh\u1ec9 l\u1ec5 kh\u00f4ng?<\/h3>\n<p>C\u00f3, The Vietage ho\u1ea1t \u0111\u1ed9ng v\u00e0o c\u00e1c ng\u00e0y ngh\u1ec9 l\u1ec5, ngo\u1ea1i tr\u1eeb giai \u0111o\u1ea1n b\u1ea3o d\u01b0\u1ee1ng h\u00e0ng n\u0103m c\u1ee7a \u0110\u01b0\u1eddng S\u1eaft Vi\u1ec7t Nam. T\u00e0u s\u1ebd kh\u00f4ng ho\u1ea1t \u0111\u1ed9ng trong kho\u1ea3ng th\u1eddi gian n\u00e0y, vui l\u00f2ng li\u00ean h\u1ec7 \u0111\u1ec3 bi\u1ebft th\u00eam v\u1ec1 giai \u0111o\u1ea1n c\u1ee5 th\u1ec3.<\/p>\n<h3>6. C\u00f3 ch\u1ed7 ng\u1ee7 tr\u00ean t\u00e0u kh\u00f4ng?<\/h3>\n<p>\u0110\u1ed1i v\u1edbi chuy\u1ebfn Quy Nh\u01a1n &#8211; \u0110\u00e0 N\u1eb5ng, ch\u00fang t\u00f4i c\u00f3 cung c\u1ea5p khoang ng\u1ee7. D\u1ecbch v\u1ee5 n\u00e0y c\u1ea7n \u0111\u01b0\u1ee3c \u0111\u1eb7t tr\u01b0\u1edbc.<\/p>\n<h3>7. C\u00f3 nh\u00e0 h\u00e0ng tr\u00ean t\u00e0u kh\u00f4ng?<\/h3>\n<p>Qu\u00fd kh\u00e1ch s\u1ebd \u0111\u01b0\u1ee3c ph\u1ee5c v\u1ee5 m\u1ed9t b\u1eefa \u0103n ba m\u00f3n h\u1ea1ng sang m\u00e0 qu\u00fd kh\u00e1ch \u0111\u00e3 \u0111\u1eb7t tr\u01b0\u1edbc trong h\u00e0nh tr\u00ecnh c\u1ee7a m\u00ecnh. Ch\u00fang t\u00f4i c\u0169ng cung c\u1ea5p \u0111\u1ed3 \u0103n nh\u1eb9 b\u1ed5 sung v\u00e0 r\u01b0\u1ee3u vang tuy\u1ec3n ch\u1ecdn, bia, n\u01b0\u1edbc ng\u1ecdt, tr\u00e0 v\u00e0 c\u00e0 ph\u00ea. Qu\u00fd kh\u00e1ch c\u0169ng c\u00f3 th\u1ec3 \u0111\u1eb7t tr\u01b0\u1edbc c\u00e1c m\u00f3n \u0111\u1eb7c s\u1ea3n, ch\u1eb3ng h\u1ea1n nh\u01b0 tr\u1ee9ng c\u00e1 mu\u1ed1i v\u00e0 r\u01b0\u1ee3u s\u00e2m panh.<\/p>\n<p>Toa t\u00e0u ph\u1ee5c v\u1ee5 \u1ea9m th\u1ef1c v\u00e0 qu\u1ea7y bar \u0111\u1eb3ng c\u1ea5p v\u1edbi th\u1ef1c \u0111\u01a1n 3 m\u00f3n sang tr\u1ecdng cho chuy\u1ebfn gi\u1eefa \u0110\u00e0 N\u1eb5ng v\u00e0 Quy Nh\u01a1n, tr\u00e0 chi\u1ec1u \u0111\u1eb3ng c\u1ea5p cho chuy\u1ebfn gi\u1eefa Nha Trang v\u00e0 Quy Nh\u01a1n. Ngo\u00e0i ra c\u00f2n c\u00f3 \u0111\u1ed3 \u0103n nh\u1eb9 v\u00e0 tuy\u1ec3n ch\u1ecdn c\u00e1c lo\u1ea1i r\u01b0\u1ee3u vang, bia, n\u01b0\u1edbc ng\u1ecdt, tr\u00e0 v\u00e0 c\u00e0 ph\u00ea. Qu\u00fd kh\u00e1ch c\u0169ng c\u00f3 th\u1ec3 \u0111\u1eb7t tr\u01b0\u1edbc c\u00e1c m\u00f3n nh\u01b0 tr\u1ee9ng c\u00e1 t\u1ea7m v\u00e0 r\u01b0\u1ee3u s\u00e2m panh.<\/p>\n<h3>8. C\u00f3 ph\u00f2ng t\u1eafm tr\u00ean t\u00e0u kh\u00f4ng?<\/h3>\n<p>Toa t\u00e0u ch\u1ec9 c\u00f3 khoang v\u1ec7 sinh ri\u00eang, kh\u00f4ng c\u00f3 ph\u00f2ng t\u1eafm.<\/p>\n<h3>9. T\u00f4i c\u00f3 th\u1ec3 mang theo th\u1ee9c \u0103n\/\u0111\u1ed3 u\u1ed1ng c\u1ee7a m\u00ecnh kh\u00f4ng?<\/h3>\n<p>Th\u1ee9c \u0103n v\u00e0 \u0111\u1ed3u\u1ed1ng b\u00ean ngo\u00e0i kh\u00f4ng \u0111\u01b0\u1ee3c ph\u00e9p mang l\u00ean toa t\u00e0u. Ti\u1ebfp vi\u00ean c\u1ee7a ch\u00fang t\u00f4i s\u1ebd \u0111\u00e1p \u1ee9ng t\u1ea5t c\u1ea3 c\u00e1c nhu c\u1ea7u \u0103n u\u1ed1ng c\u1ee7a qu\u00fd kh\u00e1ch.<\/p>\n<h3>10. Kh\u00e1ch kh\u00f4ng ngh\u1ec9 t\u1ea1i Anantara c\u00f3 th\u1ec3 mua v\u00e9 The Vietage kh\u00f4ng?<\/h3>\n<p>C\u00f3, The Vietage ph\u1ee5c v\u1ee5 t\u1ea5t c\u1ea3.<\/p>\n<h3>11. T\u00f4i c\u00f3 c\u1ea7n \u0111\u1eb7t v\u00e9 tr\u01b0\u1edbc kh\u00f4ng?<\/h3>\n<p>C\u00f3, b\u1ea1n ph\u1ea3i \u0111\u1eb7t v\u00e9 tr\u01b0\u1edbc.<\/p>\n<h3>12. L\u00e0m c\u00e1ch n\u00e0o \u0111\u1ec3 mua\/\u0111\u1eb7t v\u00e9?<\/h3>\n<p>B\u1ea1n c\u00f3 th\u1ec3 \u0111\u1eb7t v\u00e9 tr\u00ean trang web n\u00e0y, ho\u1eb7c th\u00f4ng qua b\u1ed9 ph\u1eadn \u0111\u1eb7t v\u00e9 c\u1ee7a ch\u00fang t\u00f4i t\u1ea1i vietage@thevietagetrain.com ho\u1eb7c +84 (0) 256 3686 168. Kh\u00e1ch l\u01b0u tr\u00fa t\u1ea1i Anantara Hoi An Resort, Anantara Quy Nhon Villas ho\u1eb7c Avani Quy Nhon Resort c\u00f3 th\u1ec3 \u0111\u1eb7t ch\u1ed7 t\u1ea1i resort c\u1ee7a m\u00ecnh.<\/p>\n<h3>13. The Vietgate c\u00f3 th\u1ec3 \u0111\u00e1p \u1ee9ng nhu c\u1ea7u c\u1ee7a nh\u1eefng ng\u01b0\u1eddi theo ch\u1ebf \u0111\u1ed9 \u0103n ki\u00eang kh\u00f4ng?<\/h3>\n<p>Th\u1ef1c \u0111\u01a1n c\u1ee7a ch\u00fang t\u00f4i cung c\u1ea5p \u0111a d\u1ea1ng c\u00e1c m\u00f3n \u0103n t\u1eeb th\u1ecbt, h\u1ea3i s\u1ea3n v\u00e0 rau c\u1ee7. Khi b\u1ea1n \u0111\u1eb7t v\u00e9, vui l\u00f2ng cho ch\u00fang t\u00f4i bi\u1ebft n\u1ebfu b\u1ea1n c\u00f3 ch\u1ee9ng d\u1ecb \u1ee9ng ho\u1eb7c y\u00eau c\u1ea7u ch\u1ebf \u0111\u1ed9 \u0103n u\u1ed1ng \u0111\u1eb7c bi\u1ec7t n\u00e0o hay kh\u00f4ng \u0111\u1ec3 ch\u00fang t\u00f4i c\u00f3 th\u1ec3 \u0111\u00e1p \u1ee9ng nhu c\u1ea7u c\u1ee7a b\u1ea1n cho ph\u00f9 h\u1ee3p.<\/p>\n<h3>14. Ti\u1ebfp vi\u00ean tr\u00ean t\u00e0u The Vietage n\u00f3i nh\u1eefng ng\u00f4n ng\u1eef n\u00e0o?<\/h3>\n<p>Ti\u1ebfp vi\u00ean c\u1ee7a ch\u00fang t\u00f4i n\u00f3i ti\u1ebfng Anh v\u00e0 ti\u1ebfng Vi\u1ec7t.<\/p>\n<h3>15. T\u00f4i c\u00f3 th\u1ec3 x\u1ebfp h\u00e0nh l\u00fd c\u1ee7a m\u00ecnh l\u00ean t\u00e0u kh\u00f4ng?<\/h3>\n<p>Ti\u1ebfp vi\u00ean c\u1ee7a ch\u00fang t\u00f4i s\u1ebd h\u1ed7 tr\u1ee3 h\u00e0nh l\u00fd c\u1ee7a b\u1ea1n khi b\u1ea1n \u0111\u1ebfn nh\u00e0 ga v\u00e0 x\u1ebfp h\u00e0nh l\u00fd l\u00ean t\u00e0u m\u1ed9t c\u00e1ch an to\u00e0n khi t\u00e0u \u0111\u1ebfn.<\/p>\n<h3>16. C\u00f3 nh\u1eefng trang thi\u1ebft b\u1ecb v\u00e0 ti\u1ec7n nghi n\u00e0o tr\u00ean t\u00e0u?<\/h3>\n<p>C\u00e1c trang thi\u1ebft b\u1ecb v\u00e0 ti\u1ec7n nghi tr\u00ean t\u00e0u bao g\u1ed3m qu\u1ea7y bar, khu v\u1ef1c d\u00e0nh ri\u00eang cho tr\u1ecb li\u1ec7u \u0111\u1ea7u v\u00e0 vai, \u1ed5 c\u1eafm \u0111i\u1ec7n v\u00e0 \u0111\u1ebf s\u1ea1c, Wi-Fi mi\u1ec5n ph\u00ed, &#8216;S\u00e1ch kh\u00e1m ph\u00e1&#8217; v\u00e0 gi\u1ecf \u0111\u1ef1ng \u0111\u1ed3 d\u00f9ng k\u00e8m g\u1ed1i, ch\u0103n, v.v. Cho chuy\u1ebfn t\u1ed1i t\u1eeb Quy Nh\u01a1n \u0111i \u0110\u00e0 N\u1eb5ng, qu\u00fd kh\u00e1ch c\u0169ng \u0111\u01b0\u1ee3c mi\u1ec5n ph\u00ed n\u00e2ng c\u1ea5p khoang ng\u1ee7 v\u00e0 t\u00f9y thu\u1ed9c v\u00e0o t\u00ecnh tr\u1ea1ng s\u1eb5n c\u00f3 c\u1ee7a toa t\u00e0u.<\/p>\n<h3>17. Tr\u1ebb em\/v\u1eadt nu\u00f4i c\u00f3 \u0111\u01b0\u1ee3c ph\u00e9p l\u00ean t\u00e0u kh\u00f4ng?<\/h3>\n<p>C\u00f3, tr\u1ebb em \u1edf m\u1ecdi l\u1ee9a tu\u1ed5i \u0111\u1ec1u \u0111\u01b0\u1ee3c ch\u00e0o \u0111\u00f3n tr\u00ean The Vietage. V\u1eadt nu\u00f4i kh\u00f4ng \u0111\u01b0\u1ee3c ph\u00e9p l\u00ean t\u00e0u.<\/p>\n<h3>18. C\u00f3 WiFi tr\u00ean t\u00e0u kh\u00f4ng?<\/h3>\n<p>C\u00f3, b\u1ea1n c\u00f3 th\u1ec3 t\u1eadn h\u01b0\u1edfng k\u1ebft n\u1ed1i WiFi \u0111\u1ea7y \u0111\u1ee7 trong su\u1ed1t h\u00e0nh tr\u00ecnh c\u1ee7a m\u00ecnh.<\/p>\n","protected":false},"excerpt":{"rendered":"<p>Xem t\u1ea5t c\u1ea3 th\u00f4ng tin b\u1ea1n c\u1ea7n tr\u01b0\u1edbc khi du h\u00e0nh tr\u00ean t\u00e0u The Vietage. &nbsp; 1. Chuy\u1ebfn \u0111i k\u00e9o d\u00e0i bao l\u00e2u? H\u00e0nh tr\u00ecnh gi\u1eefa \u0110\u00e0 N\u1eb5ng v\u00e0 Quy Nh\u01a1n k\u00e9o d\u00e0i 6 gi\u1edd bao g\u1ed3m th\u1ef1c \u0111\u01a1n ba m\u00f3n h\u1ea3o h\u1ea1ng. \u0110\u1ed3 \u0103n nh\u1eb9 mi\u1ec5n ph\u00ed, tuy\u1ec3n ch\u1ecdn c\u00e1c lo\u1ea1i r\u01b0\u1ee3u vang, cocktail, [&hellip;]<\/p>\n","protected":false},"author":1,"featured_media":0,"parent":0,"menu_order":12,"comment_status":"closed","ping_status":"closed","template":"","meta":[],"_links":{"self":[{"href":"https:\/\/www.thevietagetrain.com\/vi\/wp-json\/wp\/v2\/pages\/3526"}],"collection":[{"href":"https:\/\/www.thevietagetrain.com\/vi\/wp-json\/wp\/v2\/pages"}],"about":[{"href":"https:\/\/www.thevietagetrain.com\/vi\/wp-json\/wp\/v2\/types\/page"}],"author":[{"embeddable":true,"href":"https:\/\/www.thevietagetrain.com\/vi\/wp-json\/wp\/v2\/users\/1"}],"replies":[{"embeddable":true,"href":"https:\/\/www.thevietagetrain.com\/vi\/wp-json\/wp\/v2\/comments?post=3526"}],"version-history":[{"count":4,"href":"https:\/\/www.thevietagetrain.com\/vi\/wp-json\/wp\/v2\/pages\/3526\/revisions"}],"predecessor-version":[{"id":4330,"href":"https:\/\/www.thevietagetrain.com\/vi\/wp-json\/wp\/v2\/pages\/3526\/revisions\/4330"}],"wp:attachment":[{"href":"https:\/\/www.thevietagetrain.com\/vi\/wp-json\/wp\/v2\/media?parent=3526"}],"curies":[{"name":"wp","href":"https:\/\/api.w.org\/{rel}","templated":true}]}}