{"id":362,"date":"2016-02-15T09:18:12","date_gmt":"2016-02-15T09:18:12","guid":{"rendered":"http:\/\/www.thevietagetrain.com\/vi\/?page_id=362"},"modified":"2025-07-22T13:58:36","modified_gmt":"2025-07-22T08:28:36","slug":"about-us","status":"publish","type":"page","link":"https:\/\/www.thevietagetrain.com\/vi\/about-the-vietages.html","title":{"rendered":"About The Vietage"},"content":{"rendered":"<p>Tr\u1ea3i nghi\u1ec7m \u0111\u01b0\u1eddng s\u1eaft \u0111\u1ed9c \u0111\u00e1o t\u1ea1i mi\u1ec1n Trung Vi\u1ec7t Nam, k\u1ebft h\u1ee3p l\u1ecbch s\u1eed v\u1edbi thi\u00ean nhi\u00ean, v\u1ebb \u0111\u1eb9p v\u1edbi s\u1ef1 sang tr\u1ecdng v\u00e0 c\u1ea3m gi\u00e1c ph\u1ea5n kh\u00edch v\u1edbi s\u1ef1 thanh b\u00ecnh. Chuy\u1ebfn t\u00e0u 12 kh\u00e1ch n\u00e0y l\u00e0 m\u1ed9t chuy\u1ebfn t\u00e0u h\u1ea1ng sang \u1edf Vi\u1ec7t Nam, k\u1ebft n\u1ed1i ph\u1ed1 c\u1ed5 H\u1ed9i An v\u1edbi nh\u1eefng b\u1edd bi\u1ec3n thanh b\u00ecnh c\u1ee7a Quy Nh\u01a1n v\u00e0 th\u00e0nh ph\u1ed1 bi\u1ec3n Nha Trang nh\u1ed9n nh\u1ecbp.<\/p>\n<p>L\u1ea5y c\u1ea3m h\u1ee9ng t\u1eeb v\u1ebb \u0111\u1eb9p c\u1ee7a Vi\u1ec7t Nam v\u00e0 s\u1ef1 sang tr\u1ecdng c\u1ee7a du l\u1ecbch \u0111\u01b0\u1eddng s\u1eaft c\u1ed5 \u0111i\u1ec3n, s\u00e1u khoang r\u1ed9ng r\u00e3i c\u1ee7a The Vietage by Anantara c\u00f3 hai ch\u1ed7 ng\u1ed3i tho\u1ea3i m\u00e1i b\u00ean c\u1eeda s\u1ed5, mang \u0111\u1ebfn cho du kh\u00e1ch tr\u00ean t\u00e0u t\u1ea7m nh\u00ecn ra v\u00f9ng \u0111\u1ed3ng b\u1eb1ng xanh t\u01b0\u01a1i, n\u00fai r\u1eebng v\u00e0 b\u1edd bi\u1ec3n l\u1ea5p l\u00e1nh n\u1eafng v\u00e0ng c\u1ee7a mi\u1ec1n Trung Vi\u1ec7t Nam. Toa t\u00e0u c\u00f3 thi\u1ebft k\u1ebf \u0111\u1eb9p m\u1eaft n\u00e0y c\u00f2n c\u00f3 qu\u1ea7y bar ng\u1ed3i ri\u00eang, \u1ea9m th\u1ef1c s\u00e0nh \u0111i\u1ec7u, ph\u00f2ng v\u1ec7 sinh ri\u00eang v\u00e0 khu v\u1ef1c d\u00e0nh ri\u00eang cho c\u00e1c li\u1ec7u ph\u00e1p th\u01b0 gi\u00e3n \u0111\u1ea7u v\u00e0 vai.<\/p>\n<p>M\u1eb7c d\u00f9 The Vietage \u0111\u01b0\u1ee3c th\u00e0nh l\u1eadp \u0111\u1ec3 cung c\u1ea5p d\u1ecbch v\u1ee5 \u0111\u01b0a \u0111\u00f3n kh\u00e1ch sang tr\u1ecdng gi\u1eefa <a href=\"https:\/\/www.anantara.com\/en\/hoi-an\">Anantara Hoi An Resort<\/a> v\u00e0 <a href=\"https:\/\/www.anantara.com\/en\/quy-nhon\">Anantara Quy Nhon Resort<\/a>, nh\u01b0ng b\u1ea5t k\u1ef3 ai c\u0169ng c\u00f3 th\u1ec3 tham gia h\u00e0nh tr\u00ecnh n\u00e0y.<\/p>\n","protected":false},"excerpt":{"rendered":"<p>Tr\u1ea3i nghi\u1ec7m \u0111\u01b0\u1eddng s\u1eaft \u0111\u1ed9c \u0111\u00e1o t\u1ea1i mi\u1ec1n Trung Vi\u1ec7t Nam, k\u1ebft h\u1ee3p l\u1ecbch s\u1eed v\u1edbi thi\u00ean nhi\u00ean, v\u1ebb \u0111\u1eb9p v\u1edbi s\u1ef1 sang tr\u1ecdng v\u00e0 c\u1ea3m gi\u00e1c ph\u1ea5n kh\u00edch v\u1edbi s\u1ef1 thanh b\u00ecnh. Chuy\u1ebfn t\u00e0u 12 kh\u00e1ch n\u00e0y l\u00e0 m\u1ed9t chuy\u1ebfn t\u00e0u h\u1ea1ng sang \u1edf Vi\u1ec7t Nam, k\u1ebft n\u1ed1i ph\u1ed1 c\u1ed5 H\u1ed9i An v\u1edbi nh\u1eefng [&hellip;]<\/p>\n","protected":false},"author":1,"featured_media":0,"parent":0,"menu_order":2,"comment_status":"closed","ping_status":"closed","template":"","meta":[],"_links":{"self":[{"href":"https:\/\/www.thevietagetrain.com\/vi\/wp-json\/wp\/v2\/pages\/362"}],"collection":[{"href":"https:\/\/www.thevietagetrain.com\/vi\/wp-json\/wp\/v2\/pages"}],"about":[{"href":"https:\/\/www.thevietagetrain.com\/vi\/wp-json\/wp\/v2\/types\/page"}],"author":[{"embeddable":true,"href":"https:\/\/www.thevietagetrain.com\/vi\/wp-json\/wp\/v2\/users\/1"}],"replies":[{"embeddable":true,"href":"https:\/\/www.thevietagetrain.com\/vi\/wp-json\/wp\/v2\/comments?post=362"}],"version-history":[{"count":5,"href":"https:\/\/www.thevietagetrain.com\/vi\/wp-json\/wp\/v2\/pages\/362\/revisions"}],"predecessor-version":[{"id":4339,"href":"https:\/\/www.thevietagetrain.com\/vi\/wp-json\/wp\/v2\/pages\/362\/revisions\/4339"}],"wp:attachment":[{"href":"https:\/\/www.thevietagetrain.com\/vi\/wp-json\/wp\/v2\/media?parent=362"}],"curies":[{"name":"wp","href":"https:\/\/api.w.org\/{rel}","templated":true}]}}