{"id":3774,"date":"2020-06-30T10:53:30","date_gmt":"2020-06-30T05:23:30","guid":{"rendered":"http:\/\/www.thevietagetrain.com\/vi\/?page_id=3774"},"modified":"2024-01-04T19:28:01","modified_gmt":"2024-01-04T13:58:01","slug":"terms-conditions","status":"publish","type":"page","link":"https:\/\/www.thevietagetrain.com\/vi\/terms-conditions.html","title":{"rendered":"Terms &#038; Conditions"},"content":{"rendered":"<p>Vui l\u00f2ng \u0111\u1ecdc k\u1ef9 c\u00e1c \u0110i\u1ec1u kho\u1ea3n v\u00e0 \u0111i\u1ec1u ki\u1ec7n (\u201c\u0110i\u1ec1u kho\u1ea3n\u201d) n\u00e0y v\u00ec nh\u1eefng \u0111i\u1ec1u ki\u1ec7n n\u00e0y t\u1ea1o th\u00e0nh c\u01a1 s\u1edf \u0111\u1ec3 ch\u00fang t\u00f4i ch\u1ea5p nh\u1eadn c\u00e1c y\u00eau c\u1ea7u \u0111\u1eb7t v\u00e9 tr\u00ean The Vietage (\u201cT\u00e0u\u201d). C\u00e1c \u0110i\u1ec1u kho\u1ea3n v\u00e0 \u0111i\u1ec1u ki\u1ec7n d\u01b0\u1edbi \u0111\u00e2y d\u00e0nh cho c\u00e1c giao d\u1ecbch \u0111\u1eb7t v\u00e9 \u0111\u01b0\u1ee3c th\u1ef1c hi\u1ec7n tr\u1ef1c ti\u1ebfp qua trang web c\u1ee7a T\u00e0u do C\u00f4ng ty TNHH Du l\u1ecbch B\u00e3i D\u00e0i qu\u1ea3n l\u00fd.<\/p>\n<p>B\u1eb1ng c\u00e1ch s\u1eed d\u1ee5ng trang web n\u00e0y, b\u1ea1n \u0111\u1ed3ng \u00fd ch\u1ecbu s\u1ef1 r\u00e0ng bu\u1ed9c c\u1ee7a c\u00e1c \u0110i\u1ec1u kho\u1ea3n n\u00e0y. Ch\u00fang t\u00f4i c\u00f3 th\u1ec3 s\u1eeda \u0111\u1ed5i c\u00e1c \u0110i\u1ec1u kho\u1ea3n n\u00e0y t\u00f9y t\u1eebng th\u1eddi \u0111i\u1ec3m b\u1eb1ng c\u00e1ch c\u1eadp nh\u1eadt trang n\u00e0y. C\u00e1c \u0111i\u1ec1u kho\u1ea3n s\u1eeda \u0111\u1ed5i s\u1ebd c\u00f3 hi\u1ec7u l\u1ef1c khi ch\u00fang \u0111\u01b0\u1ee3c \u0111\u0103ng. Vi\u1ec7c s\u1eed d\u1ee5ng m\u1ed9t s\u1ed1 ph\u1ea7n ho\u1eb7c t\u00ednh n\u0103ng c\u1ee7a trang web c\u00f3 th\u1ec3 b\u1ecb chi ph\u1ed1i b\u1edfi \u0110i\u1ec1u kho\u1ea3n v\u00e0 \u0110i\u1ec1u ki\u1ec7n b\u1ed5 sung. Trong tr\u01b0\u1eddng h\u1ee3p n\u00e0y, b\u1ea1n s\u1ebd nh\u1eadn \u0111\u01b0\u1ee3c th\u00f4ng b\u00e1o ph\u00f9 h\u1ee3p v\u1ec1 c\u00e1c \u0110i\u1ec1u kho\u1ea3n v\u00e0 \u0111i\u1ec1u ki\u1ec7n b\u1ed5 sung \u0111\u00f3.<\/p>\n<p><strong>Ch\u00ednh s\u00e1ch B\u1ea3o l\u00e3nh<\/strong><\/p>\n<p>C\u1ea7n c\u00f3 th\u1ebb t\u00edn d\u1ee5ng h\u1ee3p l\u1ec7 \u0111\u1ec3 \u0111\u1eb7t v\u00e9. B\u1ea1n ph\u1ea3i xu\u1ea5t tr\u00ecnh th\u1ebb t\u00edn d\u1ee5ng \u0111\u00e3 d\u00f9ng v\u00e0o th\u1eddi \u0111i\u1ec3m \u0111\u1eb7t ph\u00f2ng c\u00f9ng v\u1edbi gi\u1ea5y t\u1edd t\u00f9y th\u00e2n khi \u0111\u1ebfn ga. Nh\u00e2n vi\u00ean s\u1ebd \u0111\u00f3ng d\u1ea5u ho\u1eb7c qu\u1eb9t th\u1ebb khi b\u1ea1n l\u00e0m th\u1ee7 t\u1ee5c.<\/p>\n<p>Khi xu\u1ed1ng T\u00e0u, kh\u00e1ch s\u1ebd ph\u1ea3i thanh to\u00e1n t\u1ea5t c\u1ea3 c\u00e1c kho\u1ea3n ph\u00ed cho c\u00e1c d\u1ecbch v\u1ee5 \u0111\u01b0\u1ee3c cung c\u1ea5p, v\u00e0 khi c\u1ea7n thi\u1ebft, th\u1ebb t\u00edn d\u1ee5ng s\u1ebd \u0111\u01b0\u1ee3c T\u00e0u ghi n\u1ee3 \u0111\u1ec3 thu c\u00e1c kho\u1ea3n ph\u00ed.<\/p>\n<p>T\u00e0u s\u1ebd ghi n\u1ee3 th\u1ebb t\u00edn d\u1ee5ng cho t\u1ea5t c\u1ea3 c\u00e1c tr\u01b0\u1eddng h\u1ee3p h\u1ee7y \u0111\u1eb7t v\u00e9, v\u1eafng m\u1eb7t ho\u1eb7c b\u1ea5t k\u1ef3 thi\u1ec7t h\u1ea1i n\u00e0o do kh\u00e1ch g\u00e2y ra cho T\u00e0u d\u00f9 ph\u00e1t sinh theo c\u00e1ch n\u00e0o \u0111i n\u1eefa.<\/p>\n<p>Giao d\u1ecbch n\u00e0y c\u1ea5u th\u00e0nh m\u1ed9t giao d\u1ecbch \u0111i\u1ec7n t\u1eed v\u00e0 m\u1ed9t th\u1ecfa thu\u1eadn r\u00e0ng bu\u1ed9c trong \u0111\u00f3 kh\u00e1ch cho ph\u00e9p T\u00e0u ghi n\u1ee3 th\u1ebb t\u00edn d\u1ee5ng nh\u01b0 \u0111\u00e3 n\u00eau \u1edf tr\u00ean v\u00e0 kh\u00f4ng c\u1ea7n kh\u00e1ch k\u00fd t\u00ean \u0111\u1ec3 \u0111\u01b0\u1ee3c \u1ee7y quy\u1ec1n ghi n\u1ee3.<\/p>\n<p><strong>Ch\u00ednh s\u00e1ch Thanh to\u00e1n v\u00e0 Ti\u1ec1n g\u1eedi<\/strong><\/p>\n<p>B\u1ea1n c\u1ea7n thanh to\u00e1n \u0111\u1ea7y \u0111\u1ee7 t\u1ea1i th\u1eddi \u0111i\u1ec3m \u0111\u1eb7t v\u00e9. T\u1ea5t c\u1ea3 c\u00e1c kho\u1ea3n thanh to\u00e1n kh\u00f4ng \u0111\u01b0\u1ee3c ho\u00e0n l\u1ea1i.<\/p>\n<p><strong>Ch\u00ednh s\u00e1ch H\u1ee7y \u0111\u1eb7t v\u00e9<\/strong><\/p>\n<p>M\u1ed7i chuy\u1ebfn \u0111i \u0111\u1eb7t v\u1edbi The Vietage \u0111\u1ec1u ph\u1ea3i tu\u00e2n theo Ch\u00ednh s\u00e1ch H\u1ee7y \u0111\u1eb7t v\u00e9. N\u1ebfu kh\u00f4ng \u0111\u1ebfn l\u00e0m th\u1ee7 t\u1ee5c v\u00e0o ng\u00e0y kh\u1edfi h\u00e0nh \u0111\u00e3 \u0111\u1eb7t tr\u01b0\u1edbc, kh\u00e1ch s\u1ebd ph\u1ea3i ch\u1ecbu m\u1ed9t kho\u1ea3n ph\u00ed ph\u1ea1t nh\u01b0 \u0111\u01b0\u1ee3c n\u00eau chi ti\u1ebft trong Ch\u00ednh s\u00e1ch H\u1ee7y \u0111\u1eb7t v\u00e9 v\u1edbi gi\u00e1 \u0111\u00e3 \u0111\u1eb7t.<\/p>\n<p>Ch\u00fang t\u00f4i c\u00f3 quy\u1ec1n h\u1ee7y b\u1ecf ho\u1eb7c s\u1eeda \u0111\u1ed5i c\u00e1c giao d\u1ecbch \u0111\u1eb7t v\u00e9 trong tr\u01b0\u1eddng h\u1ee3p kh\u00e1ch h\u00e0ng \u0111\u00e3 cung c\u1ea5p th\u1ebb t\u00edn d\u1ee5ng kh\u00f4ng h\u1ee3p l\u1ec7, tham gia v\u00e0o ho\u1ea1t \u0111\u1ed9ng gian l\u1eadn ho\u1eb7c kh\u00f4ng ph\u00f9 h\u1ee3p, ho\u1eb7c \u0111\u1eb7t v\u00e9 c\u00f3 sai s\u00f3t ho\u1eb7c l\u00e0 k\u1ebft qu\u1ea3 c\u1ee7a m\u1ed9t sai s\u00f3t n\u00e0o \u0111\u00f3. Ngo\u00e0i ra, ch\u00fang t\u00f4i c\u0169ng c\u00f3 quy\u1ec1n h\u1ee7y b\u1ecf ho\u1eb7c s\u1eeda \u0111\u1ed5i c\u00e1c giao d\u1ecbch \u0111\u1eb7t v\u00e9 n\u1ebfu ch\u00fang kh\u00f4ng tu\u00e2n th\u1ee7 \u0110i\u1ec1u kho\u1ea3n c\u1ee7a ch\u00fang t\u00f4i. N\u1ebfu kh\u00e1ch ch\u1ecdn thay \u0111\u1ed5i ng\u00e0y kh\u1edfi h\u00e0nh, h\u1ecd s\u1ebd ph\u1ea3i tr\u1ea3 m\u1ed9t kho\u1ea3n ph\u00ed ph\u1ea1t nh\u01b0 \u0111\u01b0\u1ee3c n\u00eau chi ti\u1ebft trong Ch\u00ednh s\u00e1ch H\u1ee7y \u0111\u1eb7t v\u00e9 theo gi\u00e1 \u0111\u00e3 \u0111\u1eb7t. Trong c\u00e1c tr\u01b0\u1eddng h\u1ee3p h\u1ee7y \u0111\u1eb7t v\u00e9 n\u00f3i tr\u00ean, The Vietage kh\u00f4ng c\u00f3 ngh\u0129a v\u1ee5 \u0111\u1ea3m b\u1ea3o r\u1eb1ng c\u00f2n ch\u1ed7 kh\u00e1c \u0111\u1ec3 \u0111\u1eb7t. Kh\u00e1ch s\u1ebd c\u1ea7n \u0111\u1eb7t v\u00e9 m\u1edbi v\u1edbi m\u1ee9c gi\u00e1 t\u1ed1t nh\u1ea5t t\u1ea1i th\u1eddi \u0111i\u1ec3m \u0111\u1eb7t v\u00e9 m\u1edbi.<\/p>\n<p>L\u00e0 m\u1ed9t \u0111i\u1ec1u ki\u1ec7n \u0111\u1ec3 s\u1eed d\u1ee5ng trang web n\u00e0y, b\u1ea1n \u0111\u1ed3ng \u00fd cung c\u1ea5p ch\u1ee9ng t\u1eeb thanh to\u00e1n cho b\u1ed9 ph\u1eadn \u0111\u1eb7t v\u00e9 trong v\u00f2ng 48 gi\u1edd k\u1ec3 t\u1eeb th\u1eddi \u0111i\u1ec3m \u0111\u1eb7t v\u00e9 v\u00e0 n\u00eau r\u00f5 m\u00e3 s\u1ed1 x\u00e1c nh\u1eadn \u0111\u1eb7t v\u00e9 tr\u00ean ch\u1ee9ng t\u1eeb thanh to\u00e1n. B\u1ea1n s\u1ebd ch\u1ecbu tr\u00e1ch nhi\u1ec7m ho\u00e0n to\u00e0n cho m\u1ecdi kho\u1ea3n ph\u00ed ng\u00e2n h\u00e0ng v\u00e0\/ho\u1eb7c chi ph\u00ed c\u1ea7n thi\u1ebft \u0111\u1ec3 ho\u00e0n th\u00e0nh (c\u00e1c) giao d\u1ecbch ng\u00e2n h\u00e0ng<\/p>\n<p>H\u01a1n n\u1eefa, b\u1ea1n x\u00e1c nh\u1eadn r\u1eb1ng giao d\u1ecbch \u0111\u1eb7t v\u00e9 c\u00f3 th\u1ec3 b\u1ecb T\u00e0u h\u1ee7y b\u1ecf n\u1ebfu ch\u1ee9ng t\u1eeb thanh to\u00e1n kh\u00f4ng \u0111\u01b0\u1ee3c g\u1eedi \u0111\u1ebfn b\u1ed9 ph\u1eadn \u0111\u1eb7t v\u00e9 trong v\u00f2ng 48 gi\u1edd. B\u1ea1n s\u1ebd ch\u1ecbu tr\u00e1ch nhi\u1ec7m cho m\u1ecdi kho\u1ea3n ph\u1ea1t h\u1ee7y \u0111\u1eb7t v\u00e9 ho\u1eb7c v\u1eafng m\u1eb7t c\u00f3 th\u1ec3 ph\u00e1t sinh v\u00e0 qua \u0111\u00e2y x\u00e1c nh\u1eadn r\u1eb1ng vi\u1ec7c \u0111\u1eb7t v\u00e9 v\u00e0 th\u00f4ng tin li\u00ean h\u1ec7 c\u00e1 nh\u00e2n \u0111\u01b0\u1ee3c cung c\u1ea5p l\u00e0 ch\u00ednh x\u00e1c cho m\u1ee5c \u0111\u00edch x\u00e1c th\u1ef1c c\u1ee7a T\u00e0u.<\/p>\n<p><strong>L\u1ed7i v\u1ec1 gi\u00e1<\/strong><\/p>\n<p>The Vietage c\u00f3 quy\u1ec1n h\u1ee7y b\u1ecf h\u1ee3p \u0111\u1ed3ng n\u1ebfu c\u00f3 th\u00f4ng tin kh\u00f4ng ch\u00ednh x\u00e1c li\u00ean quan \u0111\u1ebfn gi\u00e1 c\u1ea3 ho\u1eb7c d\u1ecbch v\u1ee5 t\u1ea1i b\u1ea5t k\u1ef3 th\u1eddi \u0111i\u1ec3m n\u00e0o.<\/p>\n<p><strong>Ngo\u1ea1i t\u1ec7<\/strong><\/p>\n<p>Ch\u1ec9 c\u00e1c lo\u1ea1i ti\u1ec1n \u0111\u01b0\u1ee3c x\u00e1c nh\u1eadn trong giao d\u1ecbch \u0111\u1eb7t v\u00e9 c\u1ee7a b\u1ea1n \u0111\u01b0\u1ee3c x\u00e1c nh\u1eadn.<\/p>\n<p><strong>C\u00e1c thay \u0111\u1ed5i<\/strong><\/p>\n<p>Trong m\u1ed9t s\u1ed1 tr\u01b0\u1eddng h\u1ee3p hi\u1ebfm g\u1eb7p m\u00e0 T\u00e0u kh\u00f4ng th\u1ec3 cung c\u1ea5p c\u00e1c d\u1ecbch v\u1ee5 nh\u01b0 \u0111\u00e3 x\u00e1c nh\u1eadn tr\u01b0\u1edbc \u0111\u00f3, T\u00e0u s\u1ebd tu\u00e2n th\u1ee7 ti\u00eau chu\u1ea9n ngh\u0129a v\u1ee5 c\u1ee7a m\u00ecnh b\u1eb1ng c\u00e1ch cam k\u1ebft cung c\u1ea5p cho kh\u00e1ch m\u1ed9t ph\u01b0\u01a1ng ti\u1ec7n \u0111i l\u1ea1i thay th\u1ebf \u1edf m\u1ee9c \u0111\u1ed9 b\u1eb1ng ho\u1eb7c t\u1ed1t h\u01a1n v\u00e0 kh\u00e1ch kh\u00f4ng ph\u1ea3i tr\u1ea3 ph\u00ed. N\u1ebfu kh\u00f4ng c\u00f3 ph\u01b0\u01a1ng ti\u1ec7n \u0111i l\u1ea1i \u1edf m\u1ee9c \u0111\u1ed9 b\u1eb1ng ho\u1eb7c t\u1ed1t h\u01a1n, c\u00f3 th\u1ec3 c\u1ea7n ph\u1ea3i cung c\u1ea5p cho kh\u00e1ch ph\u01b0\u01a1ng ti\u1ec7n thay th\u1ebf \u1edf h\u1ea1ng th\u1ea5p h\u01a1n. Trong tr\u01b0\u1eddng h\u1ee3p \u0111\u00f3, ph\u1ea7n gi\u1ea3m tr\u1eeb trong chi ph\u00ed s\u1ebd \u0111\u01b0\u1ee3c ho\u00e0n tr\u1ea3 cho kh\u00e1ch.<\/p>\n<p>C\u00e1c l\u1ef1a ch\u1ecdn thay th\u1ebf \u0111\u01b0\u1ee3c cung c\u1ea5p theo quy\u1ebft \u0111\u1ecbnh c\u1ee7a The Vietage. N\u1ebfu kh\u00e1ch mu\u1ed1n ch\u1ecdn m\u1ed9t ph\u01b0\u01a1ng ti\u1ec7n \u0111i l\u1ea1i theo ti\u00eau chu\u1ea9n kh\u00e1c v\u1edbi \u0111i\u1ec1u ki\u1ec7n n\u00e0y, th\u00ec kh\u00e1ch s\u1ebd ph\u1ea3i tr\u1ea3 c\u00e1c kho\u1ea3n ch\u00eanh l\u1ec7ch.<\/p>\n<p><strong>Tuy\u00ean b\u1ed1 mi\u1ec5n tr\u1eeb<\/strong><\/p>\n<p>L\u00e0 m\u1ed9t \u0111i\u1ec1u ki\u1ec7n \u0111\u1ec3 s\u1eed d\u1ee5ng trang web n\u00e0y, b\u1ea1n \u0111\u1ed3ng \u00fd kh\u00f4ng s\u1eed d\u1ee5ng trang web n\u00e0y cho m\u1ecdi m\u1ee5c \u0111\u00edch tr\u00e1i ph\u00e1p lu\u1eadt ho\u1eb7c b\u1ecb c\u1ea5m b\u1edfi c\u00e1c \u0110i\u1ec1u kho\u1ea3n n\u00e0y. M\u1eb7c d\u00f9 t\u00f9y t\u1eebng th\u1eddi \u0111i\u1ec3m, The Vietage c\u00f3 th\u1ec3 theo d\u00f5i ho\u1eb7c xem x\u00e9t c\u00e1c cu\u1ed9c th\u1ea3o lu\u1eadn, tr\u00f2 chuy\u1ec7n, b\u00e0i \u0111\u0103ng, d\u1eef li\u1ec7u \u0111\u01b0\u1ee3c truy\u1ec1n g\u1eedi, b\u1ea3ng th\u00f4ng b\u00e1o v\u00e0 n\u1ed9i dung t\u01b0\u01a1ng t\u1ef1 tr\u00ean trang web n\u00e0y, nh\u01b0ng The Vietage kh\u00f4ng c\u00f3 ngh\u0129a v\u1ee5 ph\u1ea3i l\u00e0m nh\u01b0 v\u1eady v\u00e0 kh\u00f4ng ch\u1ecbu b\u1ea5t k\u1ef3 tr\u00e1ch nhi\u1ec7m ho\u1eb7c ngh\u0129a v\u1ee5 ph\u00e1p l\u00fd n\u00e0o ph\u00e1t sinh t\u1eeb b\u1ea5t k\u1ef3 n\u1ed9i dung t\u1ea1i v\u1ecb tr\u00ed n\u00e0o ho\u1eb7c cho b\u1ea5t k\u1ef3 n\u1ed9i dung n\u00e0o c\u00f3 t\u00ednh ch\u1ea5t l\u1ed7i, ph\u1ec9 b\u00e1ng, b\u00f4i nh\u1ecd, vu kh\u1ed1ng, thi\u1ebfu s\u00f3t, l\u1eeba \u0111\u1ea3o, khi\u00eau d\u00e2m, \u0111\u1ed3i tr\u1ee5y, th\u00f4 t\u1ee5c, nguy hi\u1ec3m ho\u1eb7c kh\u00f4ng ch\u00ednh x\u00e1c c\u00f3 trong b\u1ea5t k\u1ef3 th\u00f4ng tin n\u00e0o trong c\u00e1c v\u1ecb tr\u00ed \u0111\u00f3 tr\u00ean trang web. B\u1ea1n kh\u00f4ng \u0111\u01b0\u1ee3c ph\u00e9p \u0111\u0103ng ho\u1eb7c truy\u1ec1n g\u1eedi b\u1ea5t k\u1ef3 t\u00e0i li\u1ec7u n\u00e0o c\u00f3 t\u00ednh ch\u1ea5t b\u1ea5t h\u1ee3p ph\u00e1p, \u0111e d\u1ecda, b\u00f4i nh\u1ecd, ph\u1ec9 b\u00e1ng, t\u1ee5c t\u0129u, x\u00fac ph\u1ea1m, kh\u00edch \u0111\u1ed9ng, khi\u00eau d\u00e2m ho\u1eb7c th\u00f4 t\u1ee5c ho\u1eb7c b\u1ea5t k\u1ef3 t\u00e0i li\u1ec7u n\u00e0o c\u00f3 th\u1ec3 c\u1ea5u th\u00e0nh ho\u1eb7c khuy\u1ebfn kh\u00edch h\u00e0nh vi s\u1ebd b\u1ecb coi l\u00e0 ph\u1ea1m t\u1ed9i h\u00ecnh s\u1ef1, d\u1eabn \u0111\u1ebfn tr\u00e1ch nhi\u1ec7m d\u00e2n s\u1ef1, ho\u1eb7c vi ph\u1ea1m b\u1ea5t k\u1ef3 lu\u1eadt n\u00e0o. The Vietage s\u1ebd h\u1ee3p t\u00e1c \u0111\u1ea7y \u0111\u1ee7 v\u1edbi m\u1ecdi c\u01a1 quan th\u1ef1c thi ph\u00e1p lu\u1eadt ho\u1eb7c l\u1ec7nh c\u1ee7a t\u00f2a \u00e1n y\u00eau c\u1ea7u ho\u1eb7c ch\u1ec9 \u0111\u1ea1o The Vietage ti\u1ebft l\u1ed9 danh t\u00ednh c\u1ee7a b\u1ea5t k\u1ef3 ai \u0111\u0103ng b\u1ea5t k\u1ef3 th\u00f4ng tin ho\u1eb7c t\u00e0i li\u1ec7u n\u00e0o nh\u01b0 v\u1eady.<\/p>\n<p><strong>Gi\u1edbi h\u1ea1n Tr\u00e1ch nhi\u1ec7m<\/strong><\/p>\n<p>B\u1ea5t k\u1ec3 \u0111i\u1ec1u g\u00ec tr\u00e1i ng\u01b0\u1ee3c trong c\u00e1c \u0110i\u1ec1u kho\u1ea3n n\u00e0y, Vietage v\u00e0 c\u00e1c c\u00f4ng ty th\u00e0nh vi\u00ean c\u1ee7a m\u00ecnh \u0111\u00f3ng vai tr\u00f2 l\u00e0 \u0111\u1ea1i l\u00fd ch\u00ednh th\u1ee9c thay m\u1eb7t cho c\u00e1c nh\u00e0 khai th\u00e1c \u0111\u01b0\u1eddng s\u1eaft. Ch\u00fang t\u00f4i kh\u00f4ng cung c\u1ea5p d\u1ecbch v\u1ee5 v\u1eadn chuy\u1ec3n, v\u00ec v\u1eady ch\u00fang t\u00f4i ch\u1ec9 ch\u1ecbu tr\u00e1ch nhi\u1ec7m v\u1ec1 d\u1ecbch v\u1ee5 \u0111\u1eb7t v\u00e9 c\u1ee7a m\u00ecnh. B\u1ea1n s\u1ebd ch\u1ecbu tr\u00e1ch nhi\u1ec7m t\u00e0i ch\u00ednh cho t\u1ea5t c\u1ea3 c\u00e1c giao d\u1ecbch \u0111\u1eb7t v\u00e9 \u0111\u01b0\u1ee3c th\u1ef1c hi\u1ec7n v\u1edbi ch\u00fang t\u00f4i th\u00f4ng qua t\u00e0i kho\u1ea3n c\u1ee7a b\u1ea1n, c\u0169ng nh\u01b0 b\u1ea5t k\u1ef3 t\u1ed5n th\u1ea5t n\u00e0o m\u00e0 ch\u00fang t\u00f4i ph\u1ea3i ch\u1ecbu n\u1ebfu b\u1ea1n vi ph\u1ea1m \u0110i\u1ec1u kho\u1ea3n v\u00e0 \u0110i\u1ec1u ki\u1ec7n ho\u1eb7c s\u1eed d\u1ee5ng sai c\u00e1ch d\u1ecbch v\u1ee5 \u0111\u1eb7t v\u00e9 c\u1ee7a ch\u00fang t\u00f4i. Trong ph\u1ea1m vi \u0111\u01b0\u1ee3c ph\u00e9p theo lu\u1eadt ph\u00e1p hi\u1ec7n h\u00e0nh, The Vietage s\u1ebd kh\u00f4ng ch\u1ecbu tr\u00e1ch nhi\u1ec7m v\u1edbi kh\u00e1ch h\u00e0ng v\u1ec1 b\u1ea5t k\u1ef3 t\u1ed5n th\u1ea5t gi\u00e1n ti\u1ebfp ho\u1eb7c do h\u1eadu qu\u1ea3 n\u00e0o, bao g\u1ed3m nh\u01b0ng kh\u00f4ng gi\u1edbi h\u1ea1n \u1edf vi\u1ec7c m\u1ea5t doanh thu, m\u1ea5t l\u1ee3i nhu\u1eadn, m\u1ea5t kh\u1ea3 n\u0103ng s\u1eed d\u1ee5ng, m\u1ea5t c\u01a1 h\u1ed9i ph\u00e1t sinh t\u1eeb vi\u1ec7c th\u1ef1c hi\u1ec7n ho\u1eb7c kh\u00f4ng th\u1ef1c hi\u1ec7n ngh\u0129a v\u1ee5 theo c\u00e1c \u0110i\u1ec1u kho\u1ea3n v\u00e0 \u0110i\u1ec1u ki\u1ec7n n\u00e0y.<\/p>\n<p><strong>B\u1ea3o hi\u1ec3m<\/strong><\/p>\n<p>The Vietage khuy\u00ean b\u1ea1n n\u00ean mua B\u1ea3o hi\u1ec3m Du l\u1ecbch To\u00e0n di\u1ec7n. Ch\u00fang t\u00f4i \u0111\u1ec1 xu\u1ea5t r\u1eb1ng ch\u00ednh s\u00e1ch n\u00e0y n\u00ean bao g\u1ed3m nh\u01b0ng kh\u00f4ng gi\u1edbi h\u1ea1n \u1edf ph\u1ea1m vi b\u1ea3o hi\u1ec3m sau &#8211; t\u1ed5n th\u1ea5t thanh to\u00e1n khi h\u1ee7y chuy\u1ebfn, m\u1ea5t m\u00e1t ho\u1eb7c h\u01b0 h\u1ecfng h\u00e0nh l\u00fd c\u00e1 nh\u00e2n, m\u1ea5t ti\u1ec1n v\u00e0 chi ph\u00ed y t\u1ebf.<\/p>\n<p><strong>Li\u00ean k\u1ebft v\u1edbi B\u00ean th\u1ee9 ba<\/strong><\/p>\n<p>The Vietage kh\u00f4ng ki\u1ec3m so\u00e1t c\u00e1c trang web c\u1ee7a b\u00ean th\u1ee9 ba v\u00e0 do \u0111\u00f3 kh\u00f4ng ch\u1ecbu tr\u00e1ch nhi\u1ec7m v\u1ec1 n\u1ed9i dung c\u1ee7a b\u1ea5t k\u1ef3 trang web n\u00e0o \u0111\u01b0\u1ee3c li\u00ean k\u1ebft ho\u1eb7c b\u1ea5t k\u1ef3 li\u00ean k\u1ebft n\u00e0o c\u00f3 trong trang web \u0111\u01b0\u1ee3c li\u00ean k\u1ebft. The Vietage ch\u1ec9 cung c\u1ea5p c\u00e1c li\u00ean k\u1ebft nh\u01b0 v\u1eady \u0111\u1ec3 thu\u1eadn ti\u1ec7n cho b\u1ea1n v\u00e0 vi\u1ec7c cung c\u1ea5p b\u1ea5t k\u1ef3 li\u00ean k\u1ebft n\u00e0o kh\u00f4ng h\u00e0m \u00fd r\u1eb1ng The Vietage \u0111\u00e3 ch\u1ee9ng th\u1ef1c, \u0111i\u1ec1u tra ho\u1eb7c x\u00e1c minh trang web \u0111\u01b0\u1ee3c li\u00ean k\u1ebft ho\u1eb7c b\u1ea5t k\u1ef3 th\u00f4ng tin n\u00e0o c\u00f3 trong \u0111\u00f3.<\/p>\n<p><strong>Lu\u1eadt \u0110i\u1ec1u ch\u1ec9nh v\u00e0 Khu v\u1ef1c t\u00e0i ph\u00e1n<\/strong><\/p>\n<p>C\u00e1c s\u1ea3n ph\u1ea9m v\u00e0\/ho\u1eb7c d\u1ecbch v\u1ee5 \u0111\u01b0\u1ee3c m\u00f4 t\u1ea3 trong v\u00e0 c\u00f3 s\u1eb5n th\u00f4ng qua trang web c\u00f3 th\u1ec3 kh\u00f4ng c\u00f3 s\u1eb5n \u1edf qu\u1ed1c gia c\u1ee7a b\u1ea1n. Ch\u00fang t\u00f4i kh\u00f4ng cam k\u1ebft r\u1eb1ng c\u00e1c d\u1ecbch v\u1ee5 ho\u1eb7c s\u1ea3n ph\u1ea9m \u0111\u01b0\u1ee3c cung c\u1ea5p trong trang web l\u00e0 ph\u00f9 h\u1ee3p ho\u1eb7c c\u00f3 s\u1eb5n \u0111\u1ec3 s\u1eed d\u1ee5ng \u1edf b\u1ea5t k\u1ef3 \u0111\u1ecba \u0111i\u1ec3m c\u1ee5 th\u1ec3 n\u00e0o. Trang web \u0111\u01b0\u1ee3c v\u1eadn h\u00e0nh t\u1eeb Vi\u1ec7t Nam v\u00e0 \u0111\u01b0\u1ee3c \u0111i\u1ec1u ch\u1ec9nh theo ph\u00e1p lu\u1eadt c\u1ee7a Vi\u1ec7t Nam.<\/p>\n","protected":false},"excerpt":{"rendered":"<p>Vui l\u00f2ng \u0111\u1ecdc k\u1ef9 c\u00e1c \u0110i\u1ec1u kho\u1ea3n v\u00e0 \u0111i\u1ec1u ki\u1ec7n (\u201c\u0110i\u1ec1u kho\u1ea3n\u201d) n\u00e0y v\u00ec nh\u1eefng \u0111i\u1ec1u ki\u1ec7n n\u00e0y t\u1ea1o th\u00e0nh c\u01a1 s\u1edf \u0111\u1ec3 ch\u00fang t\u00f4i ch\u1ea5p nh\u1eadn c\u00e1c y\u00eau c\u1ea7u \u0111\u1eb7t v\u00e9 tr\u00ean The Vietage (\u201cT\u00e0u\u201d). C\u00e1c \u0110i\u1ec1u kho\u1ea3n v\u00e0 \u0111i\u1ec1u ki\u1ec7n d\u01b0\u1edbi \u0111\u00e2y d\u00e0nh cho c\u00e1c giao d\u1ecbch \u0111\u1eb7t v\u00e9 \u0111\u01b0\u1ee3c th\u1ef1c hi\u1ec7n tr\u1ef1c [&hellip;]<\/p>\n","protected":false},"author":1,"featured_media":0,"parent":0,"menu_order":19,"comment_status":"closed","ping_status":"closed","template":"","meta":[],"_links":{"self":[{"href":"https:\/\/www.thevietagetrain.com\/vi\/wp-json\/wp\/v2\/pages\/3774"}],"collection":[{"href":"https:\/\/www.thevietagetrain.com\/vi\/wp-json\/wp\/v2\/pages"}],"about":[{"href":"https:\/\/www.thevietagetrain.com\/vi\/wp-json\/wp\/v2\/types\/page"}],"author":[{"embeddable":true,"href":"https:\/\/www.thevietagetrain.com\/vi\/wp-json\/wp\/v2\/users\/1"}],"replies":[{"embeddable":true,"href":"https:\/\/www.thevietagetrain.com\/vi\/wp-json\/wp\/v2\/comments?post=3774"}],"version-history":[{"count":3,"href":"https:\/\/www.thevietagetrain.com\/vi\/wp-json\/wp\/v2\/pages\/3774\/revisions"}],"predecessor-version":[{"id":4066,"href":"https:\/\/www.thevietagetrain.com\/vi\/wp-json\/wp\/v2\/pages\/3774\/revisions\/4066"}],"wp:attachment":[{"href":"https:\/\/www.thevietagetrain.com\/vi\/wp-json\/wp\/v2\/media?parent=3774"}],"curies":[{"name":"wp","href":"https:\/\/api.w.org\/{rel}","templated":true}]}}