{"id":388,"date":"2016-02-15T10:20:11","date_gmt":"2016-02-15T10:20:11","guid":{"rendered":"http:\/\/www.thevietagetrain.com\/vi\/?page_id=388"},"modified":"2024-09-17T11:27:46","modified_gmt":"2024-09-17T05:57:46","slug":"gallery","status":"publish","type":"page","link":"https:\/\/www.thevietagetrain.com\/vi\/gallery.html","title":{"rendered":"Gallery"},"content":{"rendered":"<p>M\u1ed9t h\u00e0nh tr\u00ecnh tuy\u1ec7t v\u1eddi \u0111ang ch\u1edd \u0111\u1ee3i b\u1ea1n. Trong khi ch\u1edd \u0111\u1ebfn gi\u00e2y ph\u00fat b\u01b0\u1edbc l\u00ean t\u00e0u The Vietage, h\u00e3y ng\u1eafm nh\u00ecn nh\u1eefng c\u1ea3nh quan t\u01b0\u01a1i \u0111\u1eb9p, nh\u1eefng b\u1edd bi\u1ec3n l\u1ea5p l\u00e1nh v\u00e0 tr\u1ea3i nghi\u1ec7m sang tr\u1ecdng tr\u00ean t\u00e0u qua b\u1ed9 s\u01b0u t\u1eadp h\u00ecnh \u1ea3nh d\u01b0\u1edbi \u0111\u00e2y c\u1ee7a ch\u00fang t\u00f4i.<\/p>\n","protected":false},"excerpt":{"rendered":"<p>M\u1ed9t h\u00e0nh tr\u00ecnh tuy\u1ec7t v\u1eddi \u0111ang ch\u1edd \u0111\u1ee3i b\u1ea1n. Trong khi ch\u1edd \u0111\u1ebfn gi\u00e2y ph\u00fat b\u01b0\u1edbc l\u00ean t\u00e0u The Vietage, h\u00e3y ng\u1eafm nh\u00ecn nh\u1eefng c\u1ea3nh quan t\u01b0\u01a1i \u0111\u1eb9p, nh\u1eefng b\u1edd bi\u1ec3n l\u1ea5p l\u00e1nh v\u00e0 tr\u1ea3i nghi\u1ec7m sang tr\u1ecdng tr\u00ean t\u00e0u qua b\u1ed9 s\u01b0u t\u1eadp h\u00ecnh \u1ea3nh d\u01b0\u1edbi \u0111\u00e2y c\u1ee7a ch\u00fang t\u00f4i.<\/p>\n","protected":false},"author":1,"featured_media":0,"parent":0,"menu_order":11,"comment_status":"closed","ping_status":"closed","template":"","meta":[],"_links":{"self":[{"href":"https:\/\/www.thevietagetrain.com\/vi\/wp-json\/wp\/v2\/pages\/388"}],"collection":[{"href":"https:\/\/www.thevietagetrain.com\/vi\/wp-json\/wp\/v2\/pages"}],"about":[{"href":"https:\/\/www.thevietagetrain.com\/vi\/wp-json\/wp\/v2\/types\/page"}],"author":[{"embeddable":true,"href":"https:\/\/www.thevietagetrain.com\/vi\/wp-json\/wp\/v2\/users\/1"}],"replies":[{"embeddable":true,"href":"https:\/\/www.thevietagetrain.com\/vi\/wp-json\/wp\/v2\/comments?post=388"}],"version-history":[{"count":2,"href":"https:\/\/www.thevietagetrain.com\/vi\/wp-json\/wp\/v2\/pages\/388\/revisions"}],"predecessor-version":[{"id":4314,"href":"https:\/\/www.thevietagetrain.com\/vi\/wp-json\/wp\/v2\/pages\/388\/revisions\/4314"}],"wp:attachment":[{"href":"https:\/\/www.thevietagetrain.com\/vi\/wp-json\/wp\/v2\/media?parent=388"}],"curies":[{"name":"wp","href":"https:\/\/api.w.org\/{rel}","templated":true}]}}