{"id":390,"date":"2016-02-15T10:20:24","date_gmt":"2016-02-15T10:20:24","guid":{"rendered":"http:\/\/www.thevietagetrain.com\/vi\/?page_id=390"},"modified":"2024-01-04T19:27:53","modified_gmt":"2024-01-04T13:57:53","slug":"contact-us","status":"publish","type":"page","link":"https:\/\/www.thevietagetrain.com\/vi\/contact-us.html","title":{"rendered":"Contact Us"},"content":{"rendered":"<p>Kh\u00e1m ph\u00e1 l\u1ea1i ni\u1ec1m vui th\u00fa c\u1ee7a du l\u1ecbch \u0111\u01b0\u1eddng s\u1eaft sang tr\u1ecdng v\u1edbi The Vietage. Qu\u00fd kh\u00e1ch c\u00f3 nhu c\u1ea7u mua v\u00e9 c\u00f3 th\u1ec3 \u0111\u1eb7t ch\u1ed7 tr\u1ef1c tuy\u1ebfn t\u1ea1i \u0111\u00e2y ho\u1eb7c li\u00ean h\u1ec7 tr\u1ef1c ti\u1ebfp v\u1edbi ph\u00f2ng v\u00e9 c\u1ee7a ch\u00fang t\u00f4i qua chi ti\u1ebft li\u00ean h\u1ec7 ho\u1eb7c bi\u1ec3u m\u1eabu li\u00ean h\u1ec7 b\u00ean d\u01b0\u1edbi. Ch\u00fang t\u00f4i mong s\u1edbm \u0111\u01b0\u1ee3c ti\u1ebfp t\u1ee5c ch\u00e0o \u0111\u00f3n qu\u00fd kh\u00e1ch.<\/p>\n","protected":false},"excerpt":{"rendered":"<p>Kh\u00e1m ph\u00e1 l\u1ea1i ni\u1ec1m vui th\u00fa c\u1ee7a du l\u1ecbch \u0111\u01b0\u1eddng s\u1eaft sang tr\u1ecdng v\u1edbi The Vietage. Qu\u00fd kh\u00e1ch c\u00f3 nhu c\u1ea7u mua v\u00e9 c\u00f3 th\u1ec3 \u0111\u1eb7t ch\u1ed7 tr\u1ef1c tuy\u1ebfn t\u1ea1i \u0111\u00e2y ho\u1eb7c li\u00ean h\u1ec7 tr\u1ef1c ti\u1ebfp v\u1edbi ph\u00f2ng v\u00e9 c\u1ee7a ch\u00fang t\u00f4i qua chi ti\u1ebft li\u00ean h\u1ec7 ho\u1eb7c bi\u1ec3u m\u1eabu li\u00ean h\u1ec7 b\u00ean d\u01b0\u1edbi. Ch\u00fang [&hellip;]<\/p>\n","protected":false},"author":1,"featured_media":0,"parent":0,"menu_order":13,"comment_status":"closed","ping_status":"closed","template":"","meta":[],"_links":{"self":[{"href":"https:\/\/www.thevietagetrain.com\/vi\/wp-json\/wp\/v2\/pages\/390"}],"collection":[{"href":"https:\/\/www.thevietagetrain.com\/vi\/wp-json\/wp\/v2\/pages"}],"about":[{"href":"https:\/\/www.thevietagetrain.com\/vi\/wp-json\/wp\/v2\/types\/page"}],"author":[{"embeddable":true,"href":"https:\/\/www.thevietagetrain.com\/vi\/wp-json\/wp\/v2\/users\/1"}],"replies":[{"embeddable":true,"href":"https:\/\/www.thevietagetrain.com\/vi\/wp-json\/wp\/v2\/comments?post=390"}],"version-history":[{"count":2,"href":"https:\/\/www.thevietagetrain.com\/vi\/wp-json\/wp\/v2\/pages\/390\/revisions"}],"predecessor-version":[{"id":4063,"href":"https:\/\/www.thevietagetrain.com\/vi\/wp-json\/wp\/v2\/pages\/390\/revisions\/4063"}],"wp:attachment":[{"href":"https:\/\/www.thevietagetrain.com\/vi\/wp-json\/wp\/v2\/media?parent=390"}],"curies":[{"name":"wp","href":"https:\/\/api.w.org\/{rel}","templated":true}]}}