{"id":4258,"date":"2024-01-04T19:24:48","date_gmt":"2024-01-04T13:54:48","guid":{"rendered":"http:\/\/www.thevietagetrain.com\/vi\/?page_id=4258"},"modified":"2024-09-17T11:39:51","modified_gmt":"2024-09-17T06:09:51","slug":"nha-trang","status":"publish","type":"page","link":"https:\/\/www.thevietagetrain.com\/vi\/the-destinations\/nha-trang.html","title":{"rendered":"Nha Trang"},"content":{"rendered":"<p>Nha Trang, n\u1eb1m d\u1ecdc theo B\u1edd bi\u1ec3n Nam Trung B\u1ed9 c\u1ee7a Vi\u1ec7t Nam, l\u00e0 s\u1ef1 pha tr\u1ed9n quy\u1ebfn r\u0169 c\u1ee7a nh\u1eefng b\u00e3i bi\u1ec3n hoang s\u01a1, \u0111\u1ecba danh v\u0103n h\u00f3a v\u00e0 cu\u1ed9c s\u1ed1ng v\u1ec1 \u0111\u00eam s\u00f4i \u0111\u1ed9ng. V\u1edbi b\u00e3i c\u00e1t v\u00e0ng v\u00e0 l\u00e0n n\u01b0\u1edbc xanh nh\u01b0 ng\u1ecdc, th\u00e0nh ph\u1ed1 bi\u1ec3n n\u00e0y thu h\u00fat nh\u1eefng ng\u01b0\u1eddi t\u00ecm ki\u1ebfm m\u00e0u n\u1eafng r\u1ef1c r\u1ee1 c\u0169ng nh\u01b0 nh\u1eefng ng\u01b0\u1eddi \u0111am m\u00ea th\u1ec3 thao d\u01b0\u1edbi n\u01b0\u1edbc. Kh\u00e1m ph\u00e1 Th\u00e1p Ch\u00e0m Po Nagar c\u1ed5 k\u00ednh ho\u1eb7c d\u1ea1o qua Ch\u1ee3 \u0110\u1ea7m s\u00f4i \u0111\u1ed9ng v\u00e0 t\u1eadn h\u01b0\u1edfng cu\u1ed9c s\u1ed1ng v\u1ec1 \u0111\u00eam nh\u1ed9n nh\u1ecbp c\u1ee7a th\u00e0nh ph\u1ed1. V\u1ebb quy\u1ebfn r\u0169 ven bi\u1ec3n c\u1ee7a Nha Trang, l\u1ecbch s\u1eed phong ph\u00fa v\u00e0 ti\u1ec7n nghi hi\u1ec7n \u0111\u1ea1i khi\u1ebfn n\u01a1i \u0111\u00e2y tr\u1edf th\u00e0nh \u0111i\u1ec3m \u0111\u1ebfn kh\u00f4ng th\u1ec3 b\u1ecf qua, m\u1ed9t s\u1ef1 k\u1ebft h\u1ee3p ho\u00e0n h\u1ea3o gi\u1eefa th\u01b0 gi\u00e3n v\u00e0 phi\u00eau l\u01b0u.<\/p>\n","protected":false},"excerpt":{"rendered":"<p>Nha Trang, n\u1eb1m d\u1ecdc theo B\u1edd bi\u1ec3n Nam Trung B\u1ed9 c\u1ee7a Vi\u1ec7t Nam, l\u00e0 s\u1ef1 pha tr\u1ed9n quy\u1ebfn r\u0169 c\u1ee7a nh\u1eefng b\u00e3i bi\u1ec3n hoang s\u01a1, \u0111\u1ecba danh v\u0103n h\u00f3a v\u00e0 cu\u1ed9c s\u1ed1ng v\u1ec1 \u0111\u00eam s\u00f4i \u0111\u1ed9ng. V\u1edbi b\u00e3i c\u00e1t v\u00e0ng v\u00e0 l\u00e0n n\u01b0\u1edbc xanh nh\u01b0 ng\u1ecdc, th\u00e0nh ph\u1ed1 bi\u1ec3n n\u00e0y thu h\u00fat nh\u1eefng ng\u01b0\u1eddi t\u00ecm [&hellip;]<\/p>\n","protected":false},"author":11,"featured_media":0,"parent":3126,"menu_order":3,"comment_status":"closed","ping_status":"closed","template":"","meta":[],"_links":{"self":[{"href":"https:\/\/www.thevietagetrain.com\/vi\/wp-json\/wp\/v2\/pages\/4258"}],"collection":[{"href":"https:\/\/www.thevietagetrain.com\/vi\/wp-json\/wp\/v2\/pages"}],"about":[{"href":"https:\/\/www.thevietagetrain.com\/vi\/wp-json\/wp\/v2\/types\/page"}],"author":[{"embeddable":true,"href":"https:\/\/www.thevietagetrain.com\/vi\/wp-json\/wp\/v2\/users\/11"}],"replies":[{"embeddable":true,"href":"https:\/\/www.thevietagetrain.com\/vi\/wp-json\/wp\/v2\/comments?post=4258"}],"version-history":[{"count":2,"href":"https:\/\/www.thevietagetrain.com\/vi\/wp-json\/wp\/v2\/pages\/4258\/revisions"}],"predecessor-version":[{"id":4312,"href":"https:\/\/www.thevietagetrain.com\/vi\/wp-json\/wp\/v2\/pages\/4258\/revisions\/4312"}],"up":[{"embeddable":true,"href":"https:\/\/www.thevietagetrain.com\/vi\/wp-json\/wp\/v2\/pages\/3126"}],"wp:attachment":[{"href":"https:\/\/www.thevietagetrain.com\/vi\/wp-json\/wp\/v2\/media?parent=4258"}],"curies":[{"name":"wp","href":"https:\/\/api.w.org\/{rel}","templated":true}]}}